{"id":599,"date":"2018-01-23T11:51:09","date_gmt":"2018-01-23T11:51:09","guid":{"rendered":"https:\/\/fusteriaperevidal.cat?page_id=599"},"modified":"2020-07-21T09:17:40","modified_gmt":"2020-07-21T09:17:40","slug":"sobre-nosotros","status":"publish","type":"page","link":"https:\/\/fusteriaperevidal.cat\/es\/sobre-nosotros\/","title":{"rendered":"Somos ebanistas y carpinteros"},"content":{"rendered":"<p>[vc_row css_animation=\u00bb\u00bb row_type=\u00bbrow\u00bb use_row_as_full_screen_section=\u00bbno\u00bb type=\u00bbfull_width\u00bb angled_section=\u00bbno\u00bb text_align=\u00bbleft\u00bb background_image_as_pattern=\u00bbwithout_pattern\u00bb el_class=\u00bbrow-with-separator\u00bb z_index=\u00bb\u00bb][vc_column css=\u00bb.vc_custom_1516792023205{margin-top: 0px !important;margin-right: 0px !important;margin-bottom: 0px !important;margin-left: 0px !important;padding-right: 0px !important;padding-left: 0px !important;}\u00bb][qode_elements_holder number_of_columns=\u00bbtwo_columns\u00bb switch_to_one_column=\u00bb1000&#8243;][qode_elements_holder_item background_image=\u00bb385&#8243; item_padding=\u00bb20% 15% 42.8%\u00bb advanced_animations=\u00bbno\u00bb item_padding_1280_1440=\u00bb0% 5% 35% 9% \u00bb item_padding_1024_1280=\u00bb14% 4% 46% 8%\u00bb item_padding_768_1024=\u00bb0% 0% 30% 7%\u00bb item_padding_600_768=\u00bb15% 9% 32%\u00bb item_padding_480_600=\u00bb16% 10% 33%\u00bb item_padding_480=\u00bb16% 10% 33%\u00bb][vc_column_text]<\/p>\n<h1 style=\"font-weight: 900;\">Innovaci\u00f3n y tradici\u00f3n<\/h1>\n<p>[\/vc_column_text][vc_empty_space height=\u00bb39px\u00bb][vc_column_text]Desde 1993 nos dedicamos a la fabricaci\u00f3n de muebles exclusivos a medida. Desarrollamos proyectos de interiorismo y decoraci\u00f3n tanto en viviendas como en locales comerciales.<\/p>\n<p>Somos especialistas en reformas y rehabilitaciones de interiores. Nos basamos en la idea de combinar lo moderno con lo tradicional, creando espacios de dise\u00f1o cuidados al detalle. Tenemos a su disposici\u00f3n nuestra nueva colecci\u00f3n de muebles r\u00fasticos realizados con madera recuperada. Somos carpinter\u00eda y ebanister\u00eda Pere Vidal.[\/vc_column_text][vc_empty_space height=\u00bb50px\u00bb][vc_empty_space height=\u00bb40px\u00bb el_class=\u00bbempty-space-hidden\u00bb]<span class='q_social_icon_holder circle_social' data-color=#ffffff data-hover-background-color=#434343 data-hover-color=#ffffff><a itemprop='url' href='#' target='_blank'><span class='fa-stack fa-2x' style='background-color: #770400;'><i class=\"qode_icon_font_awesome fa fa-facebook \" style=\"color: #ffffff;\" ><\/i><\/span><\/a><\/span><span class='q_social_icon_holder circle_social' data-color=#ffffff data-hover-background-color=#434343 data-hover-color=#ffffff><a itemprop='url' href='#' target='_blank'><span class='fa-stack fa-2x' style='background-color: #770400;'><i class=\"qode_icon_font_awesome fa fa-instagram \" style=\"color: #ffffff;\" ><\/i><\/span><\/a><\/span>[\/qode_elements_holder_item][qode_elements_holder_item background_image=\u00bb386&#8243; item_padding=\u00bb10% 15% 42.8%\u00bb advanced_animations=\u00bbno\u00bb item_padding_1280_1440=\u00bb0% 5% 35% 9% \u00bb item_padding_1024_1280=\u00bb14% 4% 46% 8%\u00bb item_padding_768_1024=\u00bb0% 0% 30% 7%\u00bb item_padding_600_768=\u00bb15% 9% 32%\u00bb item_padding_480_600=\u00bb16% 10% 33%\u00bb item_padding_480=\u00bb16% 10% 33%\u00bb][vc_column_text]<\/p>\n<h1 style=\"font-weight: 900;\">Proyectos<\/h1>\n<p>[\/vc_column_text][vc_empty_space height=\u00bb39px\u00bb][vc_column_text]Con la experiencia de los a\u00f1os y la calidad de nuestros productos, ofrecemos la mejor soluci\u00f3n personalizada para cada cliente. Desde cercos exteriores a todo el equipamiento de madera para el interior y reformas integrales. En este apartado pod\u00e9is ver una selecci\u00f3n de nuestros \u00faltimos proyectos[\/vc_column_text][vc_empty_space height=\u00bb50px\u00bb]<a  itemprop=\"url\" href=\"?page_id=695\" target=\"_self\"  class=\"qbutton  medium default\" style=\"\">Ver proyectos<\/a>[vc_empty_space height=\u00bb40px\u00bb el_class=\u00bbempty-space-hidden\u00bb][\/qode_elements_holder_item][\/qode_elements_holder][\/vc_column][\/vc_row][vc_row css_animation=\u00bb\u00bb row_type=\u00bbrow\u00bb use_row_as_full_screen_section=\u00bbno\u00bb type=\u00bbfull_width\u00bb angled_section=\u00bbno\u00bb text_align=\u00bbleft\u00bb background_image_as_pattern=\u00bbwithout_pattern\u00bb el_class=\u00bbrow-with-separator\u00bb z_index=\u00bb\u00bb][vc_column css=\u00bb.vc_custom_1516705187314{margin-right: 0px !important;margin-left: 0px !important;padding-right: 0px !important;padding-left: 0px !important;}\u00bb offset=\u00bbvc_col-md-6&#8243;][qode_elements_holder number_of_columns=\u00bbone_column\u00bb][qode_elements_holder_item background_image=\u00bb388&#8243; item_padding=\u00bb25% 16% 22.5%;\u00bb advanced_animations=\u00bbno\u00bb item_padding_1280_1440=\u00bb18% 5% 9% 14%\u00bb item_padding_1024_1280=\u00bb18% 10% 9% 15%\u00bb item_padding_768_1024=\u00bb18% 4% 8% 10%\u00bb item_padding_600_768=\u00bb15% 15% 14%\u00bb item_padding_480_600=\u00bb23% 12% 15%\u00bb item_padding_480=\u00bb23% 12% 15%\u00bb][\/qode_elements_holder_item][\/qode_elements_holder][\/vc_column][vc_column css=\u00bb.vc_custom_1516705195723{margin-right: 0px !important;margin-left: 0px !important;padding-right: 0px !important;padding-left: 0px !important;}\u00bb offset=\u00bbvc_col-md-6&#8243;][qode_elements_holder number_of_columns=\u00bbone_column\u00bb][qode_elements_holder_item background_color=\u00bb#770400&#8243; item_padding=\u00bb15% 15% 15.5%\u00bb advanced_animations=\u00bbno\u00bb item_padding_1280_1440=\u00bb18% 8% 18% 13%\u00bb item_padding_1024_1280=\u00bb18% 6% 18% 12%\u00bb item_padding_768_1024=\u00bb17% 12% 19.5% 6% \u00bb item_padding_600_768=\u00bb14% 15%\u00bb item_padding_480_600=\u00bb23% 12%\u00bb item_padding_480=\u00bb23% 12%\u00bb][vc_column_text]<\/p>\n<h1 style=\"font-weight: bold;\"><span style=\"color: #ffffff;\">Contacta con nosotros<\/span><\/h1>\n<p>[\/vc_column_text][vc_empty_space height=\u00bb25px\u00bb]<a  itemprop=\"url\" href=\"?page_id=224\" target=\"_self\" data-hover-background-color=#e8e8e8 data-hover-color=#434343 class=\"qbutton  medium default\" style=\"color: #434343; background-color: #ffffff;\">Contacta<\/a>[vc_empty_space height=\u00bb40px\u00bb el_class=\u00bbempty-space-hidden\u00bb][\/qode_elements_holder_item][\/qode_elements_holder][\/vc_column][\/vc_row]<\/p>\n","protected":false},"excerpt":{"rendered":"<p>[vc_row css_animation=\u00bb\u00bb row_type=\u00bbrow\u00bb use_row_as_full_screen_section=\u00bbno\u00bb type=\u00bbfull_width\u00bb angled_section=\u00bbno\u00bb text_align=\u00bbleft\u00bb background_image_as_pattern=\u00bbwithout_pattern\u00bb el_class=\u00bbrow-with-separator\u00bb z_index=\u00bb\u00bb][vc_column css=\u00bb.vc_custom_1516792023205{margin-top: 0px !important;margin-right: 0px !important;margin-bottom: 0px !important;margin-left: 0px !important;padding-right: 0px !important;padding-left: 0px !important;}\u00bb][qode_elements_holder number_of_columns=\u00bbtwo_columns\u00bb switch_to_one_column=\u00bb1000&#8243;][qode_elements_holder_item background_image=\u00bb385&#8243; item_padding=\u00bb20% 15% 42.8%\u00bb advanced_animations=\u00bbno\u00bb item_padding_1280_1440=\u00bb0% 5% 35% 9% \u00bb item_padding_1024_1280=\u00bb14% 4% 46% 8%\u00bb item_padding_768_1024=\u00bb0% 0% 30% 7%\u00bb item_padding_600_768=\u00bb15% 9%&#8230;<\/p>\n","protected":false},"author":1,"featured_media":0,"parent":0,"menu_order":0,"comment_status":"closed","ping_status":"open","template":"full_width.php","meta":{"_monsterinsights_skip_tracking":false,"_monsterinsights_sitenote_active":false,"_monsterinsights_sitenote_note":"","_monsterinsights_sitenote_category":0,"footnotes":""},"class_list":["post-599","page","type-page","status-publish","hentry"],"yoast_head":"<!-- This site is optimized with the Yoast SEO plugin v26.0 - https:\/\/yoast.com\/wordpress\/plugins\/seo\/ -->\n<title>Carpinter\u00eda y ebanister\u00eda en la Cerdanya. Muebles de madera a medida.<\/title>\n<meta name=\"description\" content=\"En Carpinter\u00eda Pere Vidal somos carpinteros especializados con m\u00e1s de 25 a\u00f1os de experiencia. Nos dedicamos a la fabricaci\u00f3n de muebles exclusivos a medida.\" \/>\n<meta name=\"robots\" content=\"index, follow, max-snippet:-1, max-image-preview:large, max-video-preview:-1\" \/>\n<link rel=\"canonical\" href=\"https:\/\/fusteriaperevidal.cat\/es\/sobre-nosotros\/\" \/>\n<meta property=\"og:locale\" content=\"es_ES\" \/>\n<meta property=\"og:type\" content=\"article\" \/>\n<meta property=\"og:title\" content=\"Carpinter\u00eda y ebanister\u00eda en la Cerdanya. Muebles de madera a medida.\" \/>\n<meta property=\"og:description\" content=\"En Carpinter\u00eda Pere Vidal somos carpinteros especializados con m\u00e1s de 25 a\u00f1os de experiencia. Nos dedicamos a la fabricaci\u00f3n de muebles exclusivos a medida.\" \/>\n<meta property=\"og:url\" content=\"https:\/\/fusteriaperevidal.cat\/es\/sobre-nosotros\/\" \/>\n<meta property=\"og:site_name\" content=\"Fusteria Pere Vidal\" \/>\n<meta property=\"article:modified_time\" content=\"2020-07-21T09:17:40+00:00\" \/>\n<meta name=\"twitter:card\" content=\"summary_large_image\" \/>\n<meta name=\"twitter:label1\" content=\"Tiempo de lectura\" \/>\n\t<meta name=\"twitter:data1\" content=\"3 minutos\" \/>\n<script type=\"application\/ld+json\" class=\"yoast-schema-graph\">{\"@context\":\"https:\/\/schema.org\",\"@graph\":[{\"@type\":\"WebPage\",\"@id\":\"https:\/\/fusteriaperevidal.cat\/es\/sobre-nosotros\/\",\"url\":\"https:\/\/fusteriaperevidal.cat\/es\/sobre-nosotros\/\",\"name\":\"Carpinter\u00eda y ebanister\u00eda en la Cerdanya. Muebles de madera a medida.\",\"isPartOf\":{\"@id\":\"https:\/\/fusteriaperevidal.cat\/#website\"},\"datePublished\":\"2018-01-23T11:51:09+00:00\",\"dateModified\":\"2020-07-21T09:17:40+00:00\",\"description\":\"En Carpinter\u00eda Pere Vidal somos carpinteros especializados con m\u00e1s de 25 a\u00f1os de experiencia. Nos dedicamos a la fabricaci\u00f3n de muebles exclusivos a medida.\",\"breadcrumb\":{\"@id\":\"https:\/\/fusteriaperevidal.cat\/es\/sobre-nosotros\/#breadcrumb\"},\"inLanguage\":\"es\",\"potentialAction\":[{\"@type\":\"ReadAction\",\"target\":[\"https:\/\/fusteriaperevidal.cat\/es\/sobre-nosotros\/\"]}]},{\"@type\":\"BreadcrumbList\",\"@id\":\"https:\/\/fusteriaperevidal.cat\/es\/sobre-nosotros\/#breadcrumb\",\"itemListElement\":[{\"@type\":\"ListItem\",\"position\":1,\"name\":\"Inici\",\"item\":\"https:\/\/fusteriaperevidal.cat\/es\/\"},{\"@type\":\"ListItem\",\"position\":2,\"name\":\"Somos ebanistas y carpinteros\"}]},{\"@type\":\"WebSite\",\"@id\":\"https:\/\/fusteriaperevidal.cat\/#website\",\"url\":\"https:\/\/fusteriaperevidal.cat\/\",\"name\":\"Fusteria Pere Vidal\",\"description\":\"\",\"potentialAction\":[{\"@type\":\"SearchAction\",\"target\":{\"@type\":\"EntryPoint\",\"urlTemplate\":\"https:\/\/fusteriaperevidal.cat\/?s={search_term_string}\"},\"query-input\":{\"@type\":\"PropertyValueSpecification\",\"valueRequired\":true,\"valueName\":\"search_term_string\"}}],\"inLanguage\":\"es\"}]}<\/script>\n<!-- \/ Yoast SEO plugin. -->","yoast_head_json":{"title":"Carpinter\u00eda y ebanister\u00eda en la Cerdanya. Muebles de madera a medida.","description":"En Carpinter\u00eda Pere Vidal somos carpinteros especializados con m\u00e1s de 25 a\u00f1os de experiencia. Nos dedicamos a la fabricaci\u00f3n de muebles exclusivos a medida.","robots":{"index":"index","follow":"follow","max-snippet":"max-snippet:-1","max-image-preview":"max-image-preview:large","max-video-preview":"max-video-preview:-1"},"canonical":"https:\/\/fusteriaperevidal.cat\/es\/sobre-nosotros\/","og_locale":"es_ES","og_type":"article","og_title":"Carpinter\u00eda y ebanister\u00eda en la Cerdanya. Muebles de madera a medida.","og_description":"En Carpinter\u00eda Pere Vidal somos carpinteros especializados con m\u00e1s de 25 a\u00f1os de experiencia. Nos dedicamos a la fabricaci\u00f3n de muebles exclusivos a medida.","og_url":"https:\/\/fusteriaperevidal.cat\/es\/sobre-nosotros\/","og_site_name":"Fusteria Pere Vidal","article_modified_time":"2020-07-21T09:17:40+00:00","twitter_card":"summary_large_image","twitter_misc":{"Tiempo de lectura":"3 minutos"},"schema":{"@context":"https:\/\/schema.org","@graph":[{"@type":"WebPage","@id":"https:\/\/fusteriaperevidal.cat\/es\/sobre-nosotros\/","url":"https:\/\/fusteriaperevidal.cat\/es\/sobre-nosotros\/","name":"Carpinter\u00eda y ebanister\u00eda en la Cerdanya. Muebles de madera a medida.","isPartOf":{"@id":"https:\/\/fusteriaperevidal.cat\/#website"},"datePublished":"2018-01-23T11:51:09+00:00","dateModified":"2020-07-21T09:17:40+00:00","description":"En Carpinter\u00eda Pere Vidal somos carpinteros especializados con m\u00e1s de 25 a\u00f1os de experiencia. Nos dedicamos a la fabricaci\u00f3n de muebles exclusivos a medida.","breadcrumb":{"@id":"https:\/\/fusteriaperevidal.cat\/es\/sobre-nosotros\/#breadcrumb"},"inLanguage":"es","potentialAction":[{"@type":"ReadAction","target":["https:\/\/fusteriaperevidal.cat\/es\/sobre-nosotros\/"]}]},{"@type":"BreadcrumbList","@id":"https:\/\/fusteriaperevidal.cat\/es\/sobre-nosotros\/#breadcrumb","itemListElement":[{"@type":"ListItem","position":1,"name":"Inici","item":"https:\/\/fusteriaperevidal.cat\/es\/"},{"@type":"ListItem","position":2,"name":"Somos ebanistas y carpinteros"}]},{"@type":"WebSite","@id":"https:\/\/fusteriaperevidal.cat\/#website","url":"https:\/\/fusteriaperevidal.cat\/","name":"Fusteria Pere Vidal","description":"","potentialAction":[{"@type":"SearchAction","target":{"@type":"EntryPoint","urlTemplate":"https:\/\/fusteriaperevidal.cat\/?s={search_term_string}"},"query-input":{"@type":"PropertyValueSpecification","valueRequired":true,"valueName":"search_term_string"}}],"inLanguage":"es"}]}},"_links":{"self":[{"href":"https:\/\/fusteriaperevidal.cat\/es\/wp-json\/wp\/v2\/pages\/599","targetHints":{"allow":["GET"]}}],"collection":[{"href":"https:\/\/fusteriaperevidal.cat\/es\/wp-json\/wp\/v2\/pages"}],"about":[{"href":"https:\/\/fusteriaperevidal.cat\/es\/wp-json\/wp\/v2\/types\/page"}],"author":[{"embeddable":true,"href":"https:\/\/fusteriaperevidal.cat\/es\/wp-json\/wp\/v2\/users\/1"}],"replies":[{"embeddable":true,"href":"https:\/\/fusteriaperevidal.cat\/es\/wp-json\/wp\/v2\/comments?post=599"}],"version-history":[{"count":4,"href":"https:\/\/fusteriaperevidal.cat\/es\/wp-json\/wp\/v2\/pages\/599\/revisions"}],"predecessor-version":[{"id":736,"href":"https:\/\/fusteriaperevidal.cat\/es\/wp-json\/wp\/v2\/pages\/599\/revisions\/736"}],"wp:attachment":[{"href":"https:\/\/fusteriaperevidal.cat\/es\/wp-json\/wp\/v2\/media?parent=599"}],"curies":[{"name":"wp","href":"https:\/\/api.w.org\/{rel}","templated":true}]}}