{"id":607,"date":"2018-03-21T16:18:04","date_gmt":"2018-03-21T16:18:04","guid":{"rendered":"https:\/\/fusteriaperevidal.cat?page_id=607"},"modified":"2020-07-21T09:09:15","modified_gmt":"2020-07-21T09:09:15","slug":"muebles-reformas","status":"publish","type":"page","link":"https:\/\/fusteriaperevidal.cat\/es\/muebles-reformas\/","title":{"rendered":"Muebles y reformas"},"content":{"rendered":"<p>[vc_row css_animation=\u00bb\u00bb row_type=\u00bbrow\u00bb use_row_as_full_screen_section=\u00bbno\u00bb type=\u00bbfull_width\u00bb angled_section=\u00bbno\u00bb text_align=\u00bbleft\u00bb background_image_as_pattern=\u00bbwithout_pattern\u00bb el_class=\u00bbrow-with-separator\u00bb z_index=\u00bb\u00bb][vc_column css=\u00bb.vc_custom_1516724424449{margin-top: 0px !important;margin-right: 0px !important;margin-bottom: 0px !important;margin-left: 0px !important;padding-right: 0px !important;padding-left: 0px !important;}\u00bb][qode_elements_holder number_of_columns=\u00bbtwo_columns\u00bb][qode_elements_holder_item background_image=\u00bb401&#8243; vertical_alignment=\u00bbmiddle\u00bb advanced_animations=\u00bbno\u00bb][\/qode_elements_holder_item][qode_elements_holder_item item_padding=\u00bb29% 16%\u00bb vertical_alignment=\u00bbmiddle\u00bb advanced_animations=\u00bbno\u00bb item_padding_1280_1440=\u00bb5% 13%\u00bb item_padding_1024_1280=\u00bb5% 13%\u00bb item_padding_768_1024=\u00bb6% 10%\u00bb item_padding_600_768=\u00bb15% 9%\u00bb item_padding_480_600=\u00bb17% 15%\u00bb item_padding_480=\u00bb17% 15%\u00bb][vc_column_text]<\/p>\n<h1>Muebles y reformas<\/h1>\n<p>[\/vc_column_text][vc_empty_space height=\u00bb20px\u00bb][vc_column_text]Dedicados a la fabricaci\u00f3n y a la colocaci\u00f3n de todo tipo de mobiliario y complementos relacionados con el mundo de la madera, en Fusteria Pere Vidal creamos nuestros espacios relacionados tanto en el \u00e1mbito de decoraci\u00f3n, construcci\u00f3n o particulares como en exposiciones y ferias.<\/p>\n<p>&nbsp;<\/p>\n<p>Pendientes de cada detalle, creamos el mueble perfecto para cada rinc\u00f3n trabajando la madera de manera cuidada y fij\u00e1ndonos en los acabados para conseguir el resultado esperar.[\/vc_column_text][vc_empty_space height=\u00bb40px\u00bb]<a  itemprop=\"url\" href=\"?page_id=224\" target=\"_self\"  class=\"qbutton  medium default\" style=\"\">Solicitar presupuesto<\/a>[vc_empty_space height=\u00bb65px\u00bb][\/qode_elements_holder_item][\/qode_elements_holder][\/vc_column][\/vc_row][vc_row css_animation=\u00bb\u00bb row_type=\u00bbrow\u00bb use_row_as_full_screen_section=\u00bbno\u00bb type=\u00bbfull_width\u00bb angled_section=\u00bbno\u00bb text_align=\u00bbleft\u00bb background_image_as_pattern=\u00bbwithout_pattern\u00bb el_class=\u00bbrow-with-separator\u00bb z_index=\u00bb\u00bb][vc_column css=\u00bb.vc_custom_1516375458942{margin-top: 0px !important;margin-right: 0px !important;margin-bottom: 0px !important;margin-left: 0px !important;padding-right: 0px !important;padding-left: 0px !important;}\u00bb offset=\u00bbvc_col-lg-6 vc_col-md-12&#8243;][qode_elements_holder number_of_columns=\u00bbtwo_columns\u00bb switch_to_one_column=\u00bb1000&#8243;][qode_elements_holder_item item_padding=\u00bb20% 10% 21.5% 14%\u00bb advanced_animations=\u00bbno\u00bb item_padding_1280_1440=\u00bb14% 2% 14% 7%\u00bb item_padding_1024_1280=\u00bb10% 2% 10% 4%\u00bb item_padding_768_1024=\u00bb21% 16%\u00bb item_padding_600_768=\u00bb15% 30% 15% 14%\u00bb item_padding_480_600=\u00bb17% 10% 17% 14%\u00bb item_padding_480=\u00bb17% 10% 17% 14%\u00bb][vc_column_text]<\/p>\n<h2 style=\"font-weight: 900;\">Nuestros \u00faltimos proyectos<\/h2>\n<p>[\/vc_column_text][vc_empty_space height=\u00bb29px\u00bb][vc_column_text]Mantente al d\u00eda de nuestros \u00faltimos proyectos.[\/vc_column_text][vc_empty_space height=\u00bb50px\u00bb]<a  itemprop=\"url\" href=\"?page_id=413\" target=\"_self\"  class=\"qbutton  medium default\" style=\"\">Ver m\u00e1s<\/a>[vc_empty_space height=\u00bb40px\u00bb el_class=\u00bbempty-space-hidden\u00bb][\/qode_elements_holder_item][qode_elements_holder_item background_image=\u00bb404&#8243; item_padding=\u00bb240px 0px\u00bb advanced_animations=\u00bbno\u00bb item_padding_1280_1440=\u00bb48.7% 0px\u00bb item_padding_1024_1280=\u00bb47% 0px\u00bb item_padding_480_600=\u00bb46% 0px\u00bb item_padding_480=\u00bb46% 0px\u00bb][\/qode_elements_holder_item][\/qode_elements_holder][qode_elements_holder number_of_columns=\u00bbtwo_columns\u00bb switch_to_one_column=\u00bb1000&#8243;][qode_elements_holder_item background_image=\u00bb358&#8243; item_padding=\u00bb240px 0px\u00bb advanced_animations=\u00bbno\u00bb item_padding_1280_1440=\u00bb48.7% 0px\u00bb item_padding_1024_1280=\u00bb47% 0px\u00bb item_padding_480_600=\u00bb46% 0px\u00bb item_padding_480=\u00bb46% 0px\u00bb][\/qode_elements_holder_item][qode_elements_holder_item item_padding=\u00bb20% 10% 21.5% 14%\u00bb advanced_animations=\u00bbno\u00bb item_padding_1280_1440=\u00bb14% 2% 14% 7%\u00bb item_padding_1024_1280=\u00bb10% 2% 10% 4%\u00bb item_padding_768_1024=\u00bb21% 16%\u00bb item_padding_600_768=\u00bb15% 30% 15% 14%\u00bb item_padding_480_600=\u00bb17% 10% 17% 14%\u00bb item_padding_480=\u00bb17% 10% 17% 14%\u00bb][vc_column_text]<\/p>\n<h2 style=\"font-weight: 900;\">Suscr\u00edbete a nuestra newsletter<\/h2>\n<p>[\/vc_column_text][vc_empty_space height=\u00bb50px\u00bb]\n<div class=\"wpcf7 no-js\" id=\"wpcf7-f612-o1\" lang=\"en-US\" dir=\"ltr\" data-wpcf7-id=\"612\">\n<div class=\"screen-reader-response\"><p role=\"status\" aria-live=\"polite\" aria-atomic=\"true\"><\/p> <ul><\/ul><\/div>\n<form action=\"\/es\/wp-json\/wp\/v2\/pages\/607#wpcf7-f612-o1\" method=\"post\" class=\"wpcf7-form init cf7_custom_style_1\" aria-label=\"Contact form\" novalidate=\"novalidate\" data-status=\"init\">\n<fieldset class=\"hidden-fields-container\"><input type=\"hidden\" name=\"_wpcf7\" value=\"612\" \/><input type=\"hidden\" name=\"_wpcf7_version\" value=\"6.1.2\" \/><input type=\"hidden\" name=\"_wpcf7_locale\" value=\"en_US\" \/><input type=\"hidden\" name=\"_wpcf7_unit_tag\" value=\"wpcf7-f612-o1\" \/><input type=\"hidden\" name=\"_wpcf7_container_post\" value=\"0\" \/><input type=\"hidden\" name=\"_wpcf7_posted_data_hash\" value=\"\" \/>\n<\/fieldset>\n<div class=\"two_columns_form_without_space\">\n\t<p><span class=\"wpcf7-form-control-wrap\" data-name=\"your-name\"><input size=\"40\" maxlength=\"400\" class=\"wpcf7-form-control wpcf7-text wpcf7-validates-as-required\" aria-required=\"true\" aria-invalid=\"false\" placeholder=\"Direcci\u00f3n de email\" value=\"\" type=\"text\" name=\"your-name\" \/><\/span>\n\t<\/p>\n\t<p><input class=\"wpcf7-form-control wpcf7-submit has-spinner\" type=\"submit\" value=\"Enviar\" \/>\n\t<\/p>\n\t<div>\n\t\t<p><span class=\"wpcf7-form-control-wrap\" data-name=\"acceptance-706\"><span class=\"wpcf7-form-control wpcf7-acceptance\"><span class=\"wpcf7-list-item\"><label><input type=\"checkbox\" name=\"acceptance-706\" value=\"1\" aria-invalid=\"false\" \/><span class=\"wpcf7-list-item-label\">He le\u00eddo y acepto la <a href=\"?page_id=469\"> Pol\u00edtica de privacitdad <\/a><\/span><\/label><\/span><\/span><\/span>\n\t\t<\/p>\n\t<\/div>\n<\/div><div class=\"inv-recaptcha-holder\"><\/div><div class=\"wpcf7-response-output\" aria-hidden=\"true\"><\/div>\n<\/form>\n<\/div>\n[vc_empty_space height=\u00bb40px\u00bb el_class=\u00bbempty-space-hidden\u00bb][\/qode_elements_holder_item][\/qode_elements_holder][\/vc_column][vc_column css=\u00bb.vc_custom_1516375454296{margin-top: 0px !important;margin-right: 0px !important;margin-bottom: 0px !important;margin-left: 0px !important;padding-right: 0px !important;padding-left: 0px !important;}\u00bb offset=\u00bbvc_col-lg-6 vc_col-md-12&#8243;][qode_elements_holder number_of_columns=\u00bbone_column\u00bb][qode_elements_holder_item background_image=\u00bb409&#8243; item_padding=\u00bb60% 14% 43.90%;\u00bb advanced_animations=\u00bbno\u00bb item_padding_1280_1440=\u00bb18% 2% 30.3% 4%\u00bb item_padding_1024_1280=\u00bb16.7% 4% 25% 8%\u00bb item_padding_768_1024=\u00bb25% 30% 27% 13%\u00bb item_padding_600_768=\u00bb15% 9% 32%\u00bb item_padding_480_600=\u00bb16% 0% 33%\u00bb item_padding_480=\u00bb16% 0% 33%\u00bb][\/qode_elements_holder_item][\/qode_elements_holder][\/vc_column][\/vc_row]<\/p>\n","protected":false},"excerpt":{"rendered":"<p>[vc_row css_animation=\u00bb\u00bb row_type=\u00bbrow\u00bb use_row_as_full_screen_section=\u00bbno\u00bb type=\u00bbfull_width\u00bb angled_section=\u00bbno\u00bb text_align=\u00bbleft\u00bb background_image_as_pattern=\u00bbwithout_pattern\u00bb el_class=\u00bbrow-with-separator\u00bb z_index=\u00bb\u00bb][vc_column css=\u00bb.vc_custom_1516724424449{margin-top: 0px !important;margin-right: 0px !important;margin-bottom: 0px !important;margin-left: 0px !important;padding-right: 0px !important;padding-left: 0px !important;}\u00bb][qode_elements_holder number_of_columns=\u00bbtwo_columns\u00bb][qode_elements_holder_item background_image=\u00bb401&#8243; vertical_alignment=\u00bbmiddle\u00bb advanced_animations=\u00bbno\u00bb][\/qode_elements_holder_item][qode_elements_holder_item item_padding=\u00bb29% 16%\u00bb vertical_alignment=\u00bbmiddle\u00bb advanced_animations=\u00bbno\u00bb item_padding_1280_1440=\u00bb5% 13%\u00bb item_padding_1024_1280=\u00bb5% 13%\u00bb item_padding_768_1024=\u00bb6% 10%\u00bb item_padding_600_768=\u00bb15% 9%\u00bb item_padding_480_600=\u00bb17% 15%\u00bb item_padding_480=\u00bb17% 15%\u00bb][vc_column_text] Muebles y&#8230;<\/p>\n","protected":false},"author":1,"featured_media":0,"parent":0,"menu_order":0,"comment_status":"closed","ping_status":"closed","template":"full_width.php","meta":{"_monsterinsights_skip_tracking":false,"_monsterinsights_sitenote_active":false,"_monsterinsights_sitenote_note":"","_monsterinsights_sitenote_category":0,"footnotes":""},"class_list":["post-607","page","type-page","status-publish","hentry"],"yoast_head":"<!-- This site is optimized with the Yoast SEO plugin v26.0 - https:\/\/yoast.com\/wordpress\/plugins\/seo\/ -->\n<title>Realizamos muebles de madera en la Cerdanya. Fusteria Pere Vidal<\/title>\n<meta name=\"description\" content=\"En carpinter\u00eda Pere Vidal somos fabricantes de muebles de madera en La Cerdanya. Ofrecemos servicios de reformas y construcci\u00f3n de muebles.\" \/>\n<meta name=\"robots\" content=\"index, follow, max-snippet:-1, max-image-preview:large, max-video-preview:-1\" \/>\n<link rel=\"canonical\" href=\"https:\/\/fusteriaperevidal.cat\/es\/muebles-reformas\/\" \/>\n<meta property=\"og:locale\" content=\"es_ES\" \/>\n<meta property=\"og:type\" content=\"article\" \/>\n<meta property=\"og:title\" content=\"Realizamos muebles de madera en la Cerdanya. Fusteria Pere Vidal\" \/>\n<meta property=\"og:description\" content=\"En carpinter\u00eda Pere Vidal somos fabricantes de muebles de madera en La Cerdanya. Ofrecemos servicios de reformas y construcci\u00f3n de muebles.\" \/>\n<meta property=\"og:url\" content=\"https:\/\/fusteriaperevidal.cat\/es\/muebles-reformas\/\" \/>\n<meta property=\"og:site_name\" content=\"Fusteria Pere Vidal\" \/>\n<meta property=\"article:modified_time\" content=\"2020-07-21T09:09:15+00:00\" \/>\n<meta name=\"twitter:card\" content=\"summary_large_image\" \/>\n<meta name=\"twitter:label1\" content=\"Tiempo de lectura\" \/>\n\t<meta name=\"twitter:data1\" content=\"3 minutos\" \/>\n<script type=\"application\/ld+json\" class=\"yoast-schema-graph\">{\"@context\":\"https:\/\/schema.org\",\"@graph\":[{\"@type\":\"WebPage\",\"@id\":\"https:\/\/fusteriaperevidal.cat\/es\/muebles-reformas\/\",\"url\":\"https:\/\/fusteriaperevidal.cat\/es\/muebles-reformas\/\",\"name\":\"Realizamos muebles de madera en la Cerdanya. Fusteria Pere Vidal\",\"isPartOf\":{\"@id\":\"https:\/\/fusteriaperevidal.cat\/#website\"},\"datePublished\":\"2018-03-21T16:18:04+00:00\",\"dateModified\":\"2020-07-21T09:09:15+00:00\",\"description\":\"En carpinter\u00eda Pere Vidal somos fabricantes de muebles de madera en La Cerdanya. Ofrecemos servicios de reformas y construcci\u00f3n de muebles.\",\"breadcrumb\":{\"@id\":\"https:\/\/fusteriaperevidal.cat\/es\/muebles-reformas\/#breadcrumb\"},\"inLanguage\":\"es\",\"potentialAction\":[{\"@type\":\"ReadAction\",\"target\":[\"https:\/\/fusteriaperevidal.cat\/es\/muebles-reformas\/\"]}]},{\"@type\":\"BreadcrumbList\",\"@id\":\"https:\/\/fusteriaperevidal.cat\/es\/muebles-reformas\/#breadcrumb\",\"itemListElement\":[{\"@type\":\"ListItem\",\"position\":1,\"name\":\"Inici\",\"item\":\"https:\/\/fusteriaperevidal.cat\/es\/\"},{\"@type\":\"ListItem\",\"position\":2,\"name\":\"Muebles y reformas\"}]},{\"@type\":\"WebSite\",\"@id\":\"https:\/\/fusteriaperevidal.cat\/#website\",\"url\":\"https:\/\/fusteriaperevidal.cat\/\",\"name\":\"Fusteria Pere Vidal\",\"description\":\"\",\"potentialAction\":[{\"@type\":\"SearchAction\",\"target\":{\"@type\":\"EntryPoint\",\"urlTemplate\":\"https:\/\/fusteriaperevidal.cat\/?s={search_term_string}\"},\"query-input\":{\"@type\":\"PropertyValueSpecification\",\"valueRequired\":true,\"valueName\":\"search_term_string\"}}],\"inLanguage\":\"es\"}]}<\/script>\n<!-- \/ Yoast SEO plugin. -->","yoast_head_json":{"title":"Realizamos muebles de madera en la Cerdanya. Fusteria Pere Vidal","description":"En carpinter\u00eda Pere Vidal somos fabricantes de muebles de madera en La Cerdanya. Ofrecemos servicios de reformas y construcci\u00f3n de muebles.","robots":{"index":"index","follow":"follow","max-snippet":"max-snippet:-1","max-image-preview":"max-image-preview:large","max-video-preview":"max-video-preview:-1"},"canonical":"https:\/\/fusteriaperevidal.cat\/es\/muebles-reformas\/","og_locale":"es_ES","og_type":"article","og_title":"Realizamos muebles de madera en la Cerdanya. Fusteria Pere Vidal","og_description":"En carpinter\u00eda Pere Vidal somos fabricantes de muebles de madera en La Cerdanya. Ofrecemos servicios de reformas y construcci\u00f3n de muebles.","og_url":"https:\/\/fusteriaperevidal.cat\/es\/muebles-reformas\/","og_site_name":"Fusteria Pere Vidal","article_modified_time":"2020-07-21T09:09:15+00:00","twitter_card":"summary_large_image","twitter_misc":{"Tiempo de lectura":"3 minutos"},"schema":{"@context":"https:\/\/schema.org","@graph":[{"@type":"WebPage","@id":"https:\/\/fusteriaperevidal.cat\/es\/muebles-reformas\/","url":"https:\/\/fusteriaperevidal.cat\/es\/muebles-reformas\/","name":"Realizamos muebles de madera en la Cerdanya. Fusteria Pere Vidal","isPartOf":{"@id":"https:\/\/fusteriaperevidal.cat\/#website"},"datePublished":"2018-03-21T16:18:04+00:00","dateModified":"2020-07-21T09:09:15+00:00","description":"En carpinter\u00eda Pere Vidal somos fabricantes de muebles de madera en La Cerdanya. Ofrecemos servicios de reformas y construcci\u00f3n de muebles.","breadcrumb":{"@id":"https:\/\/fusteriaperevidal.cat\/es\/muebles-reformas\/#breadcrumb"},"inLanguage":"es","potentialAction":[{"@type":"ReadAction","target":["https:\/\/fusteriaperevidal.cat\/es\/muebles-reformas\/"]}]},{"@type":"BreadcrumbList","@id":"https:\/\/fusteriaperevidal.cat\/es\/muebles-reformas\/#breadcrumb","itemListElement":[{"@type":"ListItem","position":1,"name":"Inici","item":"https:\/\/fusteriaperevidal.cat\/es\/"},{"@type":"ListItem","position":2,"name":"Muebles y reformas"}]},{"@type":"WebSite","@id":"https:\/\/fusteriaperevidal.cat\/#website","url":"https:\/\/fusteriaperevidal.cat\/","name":"Fusteria Pere Vidal","description":"","potentialAction":[{"@type":"SearchAction","target":{"@type":"EntryPoint","urlTemplate":"https:\/\/fusteriaperevidal.cat\/?s={search_term_string}"},"query-input":{"@type":"PropertyValueSpecification","valueRequired":true,"valueName":"search_term_string"}}],"inLanguage":"es"}]}},"_links":{"self":[{"href":"https:\/\/fusteriaperevidal.cat\/es\/wp-json\/wp\/v2\/pages\/607","targetHints":{"allow":["GET"]}}],"collection":[{"href":"https:\/\/fusteriaperevidal.cat\/es\/wp-json\/wp\/v2\/pages"}],"about":[{"href":"https:\/\/fusteriaperevidal.cat\/es\/wp-json\/wp\/v2\/types\/page"}],"author":[{"embeddable":true,"href":"https:\/\/fusteriaperevidal.cat\/es\/wp-json\/wp\/v2\/users\/1"}],"replies":[{"embeddable":true,"href":"https:\/\/fusteriaperevidal.cat\/es\/wp-json\/wp\/v2\/comments?post=607"}],"version-history":[{"count":1,"href":"https:\/\/fusteriaperevidal.cat\/es\/wp-json\/wp\/v2\/pages\/607\/revisions"}],"predecessor-version":[{"id":622,"href":"https:\/\/fusteriaperevidal.cat\/es\/wp-json\/wp\/v2\/pages\/607\/revisions\/622"}],"wp:attachment":[{"href":"https:\/\/fusteriaperevidal.cat\/es\/wp-json\/wp\/v2\/media?parent=607"}],"curies":[{"name":"wp","href":"https:\/\/api.w.org\/{rel}","templated":true}]}}