{"id":598,"date":"2018-01-23T11:51:09","date_gmt":"2018-01-23T11:51:09","guid":{"rendered":"https:\/\/fusteriaperevidal.cat?page_id=598"},"modified":"2020-07-21T10:32:27","modified_gmt":"2020-07-21T10:32:27","slug":"propos-de-nous","status":"publish","type":"page","link":"https:\/\/fusteriaperevidal.cat\/fr\/propos-de-nous\/","title":{"rendered":"Nous sommes \u00e9b\u00e9nistes et menuisiers"},"content":{"rendered":"<p>[vc_row css_animation=\u00a0\u00bb\u00a0\u00bb row_type=\u00a0\u00bbrow\u00a0\u00bb use_row_as_full_screen_section=\u00a0\u00bbno\u00a0\u00bb type=\u00a0\u00bbfull_width\u00a0\u00bb angled_section=\u00a0\u00bbno\u00a0\u00bb text_align=\u00a0\u00bbleft\u00a0\u00bb background_image_as_pattern=\u00a0\u00bbwithout_pattern\u00a0\u00bb el_class=\u00a0\u00bbrow-with-separator\u00a0\u00bb z_index=\u00a0\u00bb\u00a0\u00bb][vc_column css=\u00a0\u00bb.vc_custom_1516792023205{margin-top: 0px !important;margin-right: 0px !important;margin-bottom: 0px !important;margin-left: 0px !important;padding-right: 0px !important;padding-left: 0px !important;}\u00a0\u00bb][qode_elements_holder number_of_columns=\u00a0\u00bbtwo_columns\u00a0\u00bb switch_to_one_column=\u00a0\u00bb1000&Prime;][qode_elements_holder_item background_image=\u00a0\u00bb385&Prime; item_padding=\u00a0\u00bb20% 15% 42.8%\u00a0\u00bb advanced_animations=\u00a0\u00bbno\u00a0\u00bb item_padding_1280_1440=\u00a0\u00bb0% 5% 35% 9% \u00a0\u00bb item_padding_1024_1280=\u00a0\u00bb14% 4% 46% 8%\u00a0\u00bb item_padding_768_1024=\u00a0\u00bb0% 0% 30% 7%\u00a0\u00bb item_padding_600_768=\u00a0\u00bb15% 9% 32%\u00a0\u00bb item_padding_480_600=\u00a0\u00bb16% 10% 33%\u00a0\u00bb item_padding_480=\u00a0\u00bb16% 10% 33%\u00a0\u00bb][vc_column_text]<\/p>\n<h1 style=\"font-weight: 900;\">Nous sommes \u00e9b\u00e9nistes et menuisiers<\/h1>\n<p>[\/vc_column_text][vc_empty_space height=\u00a0\u00bb39px\u00a0\u00bb][vc_column_text]<\/p>\n<div>Depuis 1993, nous nous sommes engag\u00e9s dans la fabrication de meubles exclusifs. Nous d\u00e9veloppons des projets de design d\u2019int\u00e9rieurs et de d\u00e9coration, que ce soit pour des particuliers ou des locaux commerciaux.<\/div>\n<div><\/div>\n<div>Nous nous sommes sp\u00e9cialis\u00e9s dans la r\u00e9novation et la restauration d\u2019int\u00e9rieurs. Nous nous appuyons sur l\u2019id\u00e9e d\u2019harmoniser le moderne avec le traditionnel, en cr\u00e9ant des espaces avec beaucoup de soin dans le d\u00e9tail de la conception. Nous vous proposons notre nouvelle collection de mobilier rustique fabriqu\u00e9, notamment, \u00e0 partir de bois r\u00e9cup\u00e9r\u00e9<\/div>\n<p>[\/vc_column_text][vc_empty_space height=\u00a0\u00bb50px\u00a0\u00bb][vc_empty_space height=\u00a0\u00bb40px\u00a0\u00bb el_class=\u00a0\u00bbempty-space-hidden\u00a0\u00bb]<span class='q_social_icon_holder circle_social' data-color=#ffffff data-hover-background-color=#434343 data-hover-color=#ffffff><a itemprop='url' href='#' target='_blank'><span class='fa-stack fa-2x' style='background-color: #770400;'><i class=\"qode_icon_font_awesome fa fa-facebook \" style=\"color: #ffffff;\" ><\/i><\/span><\/a><\/span><span class='q_social_icon_holder circle_social' data-color=#ffffff data-hover-background-color=#434343 data-hover-color=#ffffff><a itemprop='url' href='#' target='_blank'><span class='fa-stack fa-2x' style='background-color: #770400;'><i class=\"qode_icon_font_awesome fa fa-instagram \" style=\"color: #ffffff;\" ><\/i><\/span><\/a><\/span>[\/qode_elements_holder_item][qode_elements_holder_item background_image=\u00a0\u00bb386&Prime; item_padding=\u00a0\u00bb10% 15% 42.8%\u00a0\u00bb advanced_animations=\u00a0\u00bbno\u00a0\u00bb item_padding_1280_1440=\u00a0\u00bb0% 5% 35% 9% \u00a0\u00bb item_padding_1024_1280=\u00a0\u00bb14% 4% 46% 8%\u00a0\u00bb item_padding_768_1024=\u00a0\u00bb0% 0% 30% 7%\u00a0\u00bb item_padding_600_768=\u00a0\u00bb15% 9% 32%\u00a0\u00bb item_padding_480_600=\u00a0\u00bb16% 10% 33%\u00a0\u00bb item_padding_480=\u00a0\u00bb16% 10% 33%\u00a0\u00bb][vc_column_text]<\/p>\n<h1 style=\"font-weight: 900;\">R\u00e9alisations<\/h1>\n<p>[\/vc_column_text][vc_empty_space height=\u00a0\u00bb39px\u00a0\u00bb][vc_column_text]Forts de notre exp\u00e9rience et confiants dans la qualit\u00e9 de nos produits, nous proposons des solutions personnalis\u00e9es pour chacun de nos client, dans un p\u00e9rim\u00e8tre allant de la cl\u00f4ture ext\u00e9rieure \u00e0 tout l\u2019\u00e9quipement en bois de leur int\u00e9rieur y compris, \u00e9ventuellement, une restauration int\u00e9grale. Dans cette section, vous pouvez consulter une s\u00e9lection de nos derni\u00e8res r\u00e9alisations[\/vc_column_text][vc_empty_space height=\u00a0\u00bb50px\u00a0\u00bb]<a  itemprop=\"url\" href=\"?page_id=695\" target=\"_self\"  class=\"qbutton  medium default\" style=\"\">Voir les R\u00e9alisations<\/a>[vc_empty_space height=\u00a0\u00bb40px\u00a0\u00bb el_class=\u00a0\u00bbempty-space-hidden\u00a0\u00bb][\/qode_elements_holder_item][\/qode_elements_holder][\/vc_column][\/vc_row][vc_row css_animation=\u00a0\u00bb\u00a0\u00bb row_type=\u00a0\u00bbrow\u00a0\u00bb use_row_as_full_screen_section=\u00a0\u00bbno\u00a0\u00bb type=\u00a0\u00bbfull_width\u00a0\u00bb angled_section=\u00a0\u00bbno\u00a0\u00bb text_align=\u00a0\u00bbleft\u00a0\u00bb background_image_as_pattern=\u00a0\u00bbwithout_pattern\u00a0\u00bb el_class=\u00a0\u00bbrow-with-separator\u00a0\u00bb z_index=\u00a0\u00bb\u00a0\u00bb][vc_column css=\u00a0\u00bb.vc_custom_1516705187314{margin-right: 0px !important;margin-left: 0px !important;padding-right: 0px !important;padding-left: 0px !important;}\u00a0\u00bb offset=\u00a0\u00bbvc_col-md-6&Prime;][qode_elements_holder number_of_columns=\u00a0\u00bbone_column\u00a0\u00bb][qode_elements_holder_item background_image=\u00a0\u00bb388&Prime; item_padding=\u00a0\u00bb25% 16% 22.5%;\u00a0\u00bb advanced_animations=\u00a0\u00bbno\u00a0\u00bb item_padding_1280_1440=\u00a0\u00bb18% 5% 9% 14%\u00a0\u00bb item_padding_1024_1280=\u00a0\u00bb18% 10% 9% 15%\u00a0\u00bb item_padding_768_1024=\u00a0\u00bb18% 4% 8% 10%\u00a0\u00bb item_padding_600_768=\u00a0\u00bb15% 15% 14%\u00a0\u00bb item_padding_480_600=\u00a0\u00bb23% 12% 15%\u00a0\u00bb item_padding_480=\u00a0\u00bb23% 12% 15%\u00a0\u00bb][\/qode_elements_holder_item][\/qode_elements_holder][\/vc_column][vc_column css=\u00a0\u00bb.vc_custom_1516705195723{margin-right: 0px !important;margin-left: 0px !important;padding-right: 0px !important;padding-left: 0px !important;}\u00a0\u00bb offset=\u00a0\u00bbvc_col-md-6&Prime;][qode_elements_holder number_of_columns=\u00a0\u00bbone_column\u00a0\u00bb][qode_elements_holder_item background_color=\u00a0\u00bb#770400&Prime; item_padding=\u00a0\u00bb15% 15% 15.5%\u00a0\u00bb advanced_animations=\u00a0\u00bbno\u00a0\u00bb item_padding_1280_1440=\u00a0\u00bb18% 8% 18% 13%\u00a0\u00bb item_padding_1024_1280=\u00a0\u00bb18% 6% 18% 12%\u00a0\u00bb item_padding_768_1024=\u00a0\u00bb17% 12% 19.5% 6% \u00a0\u00bb item_padding_600_768=\u00a0\u00bb14% 15%\u00a0\u00bb item_padding_480_600=\u00a0\u00bb23% 12%\u00a0\u00bb item_padding_480=\u00a0\u00bb23% 12%\u00a0\u00bb][vc_column_text]<\/p>\n<h1 style=\"font-weight: bold;\"><span style=\"color: #ffffff;\">Contactez-nous<\/span><\/h1>\n<p>[\/vc_column_text][vc_empty_space height=\u00a0\u00bb25px\u00a0\u00bb]<a  itemprop=\"url\" href=\"?page_id=608\" target=\"_self\" data-hover-background-color=#e8e8e8 data-hover-color=#434343 class=\"qbutton  medium default\" style=\"color: #434343; background-color: #ffffff;\">Contact<\/a>[vc_empty_space height=\u00a0\u00bb40px\u00a0\u00bb el_class=\u00a0\u00bbempty-space-hidden\u00a0\u00bb][\/qode_elements_holder_item][\/qode_elements_holder][\/vc_column][\/vc_row]<\/p>\n","protected":false},"excerpt":{"rendered":"<p>[vc_row css_animation=\u00a0\u00bb\u00a0\u00bb row_type=\u00a0\u00bbrow\u00a0\u00bb use_row_as_full_screen_section=\u00a0\u00bbno\u00a0\u00bb type=\u00a0\u00bbfull_width\u00a0\u00bb angled_section=\u00a0\u00bbno\u00a0\u00bb text_align=\u00a0\u00bbleft\u00a0\u00bb background_image_as_pattern=\u00a0\u00bbwithout_pattern\u00a0\u00bb el_class=\u00a0\u00bbrow-with-separator\u00a0\u00bb z_index=\u00a0\u00bb\u00a0\u00bb][vc_column css=\u00a0\u00bb.vc_custom_1516792023205{margin-top: 0px !important;margin-right: 0px !important;margin-bottom: 0px !important;margin-left: 0px !important;padding-right: 0px !important;padding-left: 0px !important;}\u00a0\u00bb][qode_elements_holder number_of_columns=\u00a0\u00bbtwo_columns\u00a0\u00bb switch_to_one_column=\u00a0\u00bb1000&Prime;][qode_elements_holder_item background_image=\u00a0\u00bb385&Prime; item_padding=\u00a0\u00bb20% 15% 42.8%\u00a0\u00bb advanced_animations=\u00a0\u00bbno\u00a0\u00bb item_padding_1280_1440=\u00a0\u00bb0% 5% 35% 9% \u00a0\u00bb item_padding_1024_1280=\u00a0\u00bb14% 4% 46% 8%\u00a0\u00bb item_padding_768_1024=\u00a0\u00bb0% 0% 30% 7%\u00a0\u00bb item_padding_600_768=\u00a0\u00bb15% 9%&#8230;<\/p>\n","protected":false},"author":1,"featured_media":0,"parent":0,"menu_order":0,"comment_status":"closed","ping_status":"open","template":"full_width.php","meta":{"_monsterinsights_skip_tracking":false,"_monsterinsights_sitenote_active":false,"_monsterinsights_sitenote_note":"","_monsterinsights_sitenote_category":0,"footnotes":""},"class_list":["post-598","page","type-page","status-publish","hentry"],"yoast_head":"<!-- This site is optimized with the Yoast SEO plugin v26.0 - https:\/\/yoast.com\/wordpress\/plugins\/seo\/ -->\n<title>Menuiserie et menuiserie en Cerdagne. Meubles en bois sur mesure.<\/title>\n<meta name=\"description\" content=\"Carpentry Pere Vidal, nous sommes des menuisiers sp\u00e9cialis\u00e9s avec plus de 25 ans d&#039;exp\u00e9rience. Nous nous consacrons \u00e0 la fabrication de meubles en Cerdagne\" \/>\n<meta name=\"robots\" content=\"index, follow, max-snippet:-1, max-image-preview:large, max-video-preview:-1\" \/>\n<link rel=\"canonical\" href=\"https:\/\/fusteriaperevidal.cat\/fr\/propos-de-nous\/\" \/>\n<meta property=\"og:locale\" content=\"fr_FR\" \/>\n<meta property=\"og:type\" content=\"article\" \/>\n<meta property=\"og:title\" content=\"Menuiserie et menuiserie en Cerdagne. Meubles en bois sur mesure.\" \/>\n<meta property=\"og:description\" content=\"Carpentry Pere Vidal, nous sommes des menuisiers sp\u00e9cialis\u00e9s avec plus de 25 ans d&#039;exp\u00e9rience. Nous nous consacrons \u00e0 la fabrication de meubles en Cerdagne\" \/>\n<meta property=\"og:url\" content=\"https:\/\/fusteriaperevidal.cat\/fr\/propos-de-nous\/\" \/>\n<meta property=\"og:site_name\" content=\"Fusteria Pere Vidal\" \/>\n<meta property=\"article:modified_time\" content=\"2020-07-21T10:32:27+00:00\" \/>\n<meta name=\"twitter:card\" content=\"summary_large_image\" \/>\n<meta name=\"twitter:label1\" content=\"Dur\u00e9e de lecture estim\u00e9e\" \/>\n\t<meta name=\"twitter:data1\" content=\"3 minutes\" \/>\n<script type=\"application\/ld+json\" class=\"yoast-schema-graph\">{\"@context\":\"https:\/\/schema.org\",\"@graph\":[{\"@type\":\"WebPage\",\"@id\":\"https:\/\/fusteriaperevidal.cat\/fr\/propos-de-nous\/\",\"url\":\"https:\/\/fusteriaperevidal.cat\/fr\/propos-de-nous\/\",\"name\":\"Menuiserie et menuiserie en Cerdagne. Meubles en bois sur mesure.\",\"isPartOf\":{\"@id\":\"https:\/\/fusteriaperevidal.cat\/#website\"},\"datePublished\":\"2018-01-23T11:51:09+00:00\",\"dateModified\":\"2020-07-21T10:32:27+00:00\",\"description\":\"Carpentry Pere Vidal, nous sommes des menuisiers sp\u00e9cialis\u00e9s avec plus de 25 ans d'exp\u00e9rience. Nous nous consacrons \u00e0 la fabrication de meubles en Cerdagne\",\"breadcrumb\":{\"@id\":\"https:\/\/fusteriaperevidal.cat\/fr\/propos-de-nous\/#breadcrumb\"},\"inLanguage\":\"fr-FR\",\"potentialAction\":[{\"@type\":\"ReadAction\",\"target\":[\"https:\/\/fusteriaperevidal.cat\/fr\/propos-de-nous\/\"]}]},{\"@type\":\"BreadcrumbList\",\"@id\":\"https:\/\/fusteriaperevidal.cat\/fr\/propos-de-nous\/#breadcrumb\",\"itemListElement\":[{\"@type\":\"ListItem\",\"position\":1,\"name\":\"Inici\",\"item\":\"https:\/\/fusteriaperevidal.cat\/fr\/\"},{\"@type\":\"ListItem\",\"position\":2,\"name\":\"Nous sommes \u00e9b\u00e9nistes et menuisiers\"}]},{\"@type\":\"WebSite\",\"@id\":\"https:\/\/fusteriaperevidal.cat\/#website\",\"url\":\"https:\/\/fusteriaperevidal.cat\/\",\"name\":\"Fusteria Pere Vidal\",\"description\":\"\",\"potentialAction\":[{\"@type\":\"SearchAction\",\"target\":{\"@type\":\"EntryPoint\",\"urlTemplate\":\"https:\/\/fusteriaperevidal.cat\/?s={search_term_string}\"},\"query-input\":{\"@type\":\"PropertyValueSpecification\",\"valueRequired\":true,\"valueName\":\"search_term_string\"}}],\"inLanguage\":\"fr-FR\"}]}<\/script>\n<!-- \/ Yoast SEO plugin. -->","yoast_head_json":{"title":"Menuiserie et menuiserie en Cerdagne. Meubles en bois sur mesure.","description":"Carpentry Pere Vidal, nous sommes des menuisiers sp\u00e9cialis\u00e9s avec plus de 25 ans d'exp\u00e9rience. Nous nous consacrons \u00e0 la fabrication de meubles en Cerdagne","robots":{"index":"index","follow":"follow","max-snippet":"max-snippet:-1","max-image-preview":"max-image-preview:large","max-video-preview":"max-video-preview:-1"},"canonical":"https:\/\/fusteriaperevidal.cat\/fr\/propos-de-nous\/","og_locale":"fr_FR","og_type":"article","og_title":"Menuiserie et menuiserie en Cerdagne. Meubles en bois sur mesure.","og_description":"Carpentry Pere Vidal, nous sommes des menuisiers sp\u00e9cialis\u00e9s avec plus de 25 ans d'exp\u00e9rience. Nous nous consacrons \u00e0 la fabrication de meubles en Cerdagne","og_url":"https:\/\/fusteriaperevidal.cat\/fr\/propos-de-nous\/","og_site_name":"Fusteria Pere Vidal","article_modified_time":"2020-07-21T10:32:27+00:00","twitter_card":"summary_large_image","twitter_misc":{"Dur\u00e9e de lecture estim\u00e9e":"3 minutes"},"schema":{"@context":"https:\/\/schema.org","@graph":[{"@type":"WebPage","@id":"https:\/\/fusteriaperevidal.cat\/fr\/propos-de-nous\/","url":"https:\/\/fusteriaperevidal.cat\/fr\/propos-de-nous\/","name":"Menuiserie et menuiserie en Cerdagne. Meubles en bois sur mesure.","isPartOf":{"@id":"https:\/\/fusteriaperevidal.cat\/#website"},"datePublished":"2018-01-23T11:51:09+00:00","dateModified":"2020-07-21T10:32:27+00:00","description":"Carpentry Pere Vidal, nous sommes des menuisiers sp\u00e9cialis\u00e9s avec plus de 25 ans d'exp\u00e9rience. Nous nous consacrons \u00e0 la fabrication de meubles en Cerdagne","breadcrumb":{"@id":"https:\/\/fusteriaperevidal.cat\/fr\/propos-de-nous\/#breadcrumb"},"inLanguage":"fr-FR","potentialAction":[{"@type":"ReadAction","target":["https:\/\/fusteriaperevidal.cat\/fr\/propos-de-nous\/"]}]},{"@type":"BreadcrumbList","@id":"https:\/\/fusteriaperevidal.cat\/fr\/propos-de-nous\/#breadcrumb","itemListElement":[{"@type":"ListItem","position":1,"name":"Inici","item":"https:\/\/fusteriaperevidal.cat\/fr\/"},{"@type":"ListItem","position":2,"name":"Nous sommes \u00e9b\u00e9nistes et menuisiers"}]},{"@type":"WebSite","@id":"https:\/\/fusteriaperevidal.cat\/#website","url":"https:\/\/fusteriaperevidal.cat\/","name":"Fusteria Pere Vidal","description":"","potentialAction":[{"@type":"SearchAction","target":{"@type":"EntryPoint","urlTemplate":"https:\/\/fusteriaperevidal.cat\/?s={search_term_string}"},"query-input":{"@type":"PropertyValueSpecification","valueRequired":true,"valueName":"search_term_string"}}],"inLanguage":"fr-FR"}]}},"_links":{"self":[{"href":"https:\/\/fusteriaperevidal.cat\/fr\/wp-json\/wp\/v2\/pages\/598","targetHints":{"allow":["GET"]}}],"collection":[{"href":"https:\/\/fusteriaperevidal.cat\/fr\/wp-json\/wp\/v2\/pages"}],"about":[{"href":"https:\/\/fusteriaperevidal.cat\/fr\/wp-json\/wp\/v2\/types\/page"}],"author":[{"embeddable":true,"href":"https:\/\/fusteriaperevidal.cat\/fr\/wp-json\/wp\/v2\/users\/1"}],"replies":[{"embeddable":true,"href":"https:\/\/fusteriaperevidal.cat\/fr\/wp-json\/wp\/v2\/comments?post=598"}],"version-history":[{"count":9,"href":"https:\/\/fusteriaperevidal.cat\/fr\/wp-json\/wp\/v2\/pages\/598\/revisions"}],"predecessor-version":[{"id":720,"href":"https:\/\/fusteriaperevidal.cat\/fr\/wp-json\/wp\/v2\/pages\/598\/revisions\/720"}],"wp:attachment":[{"href":"https:\/\/fusteriaperevidal.cat\/fr\/wp-json\/wp\/v2\/media?parent=598"}],"curies":[{"name":"wp","href":"https:\/\/api.w.org\/{rel}","templated":true}]}}