{"id":604,"date":"2018-03-21T16:38:49","date_gmt":"2018-03-21T16:38:49","guid":{"rendered":"https:\/\/fusteriaperevidal.cat?page_id=604"},"modified":"2020-07-21T10:30:37","modified_gmt":"2020-07-21T10:30:37","slug":"derniers-projets","status":"publish","type":"page","link":"https:\/\/fusteriaperevidal.cat\/fr\/derniers-projets\/","title":{"rendered":"Nos derniers"},"content":{"rendered":"<p>[vc_row css_animation=\u00a0\u00bb\u00a0\u00bb row_type=\u00a0\u00bbrow\u00a0\u00bb use_row_as_full_screen_section=\u00a0\u00bbno\u00a0\u00bb type=\u00a0\u00bbfull_width\u00a0\u00bb angled_section=\u00a0\u00bbno\u00a0\u00bb text_align=\u00a0\u00bbleft\u00a0\u00bb background_image_as_pattern=\u00a0\u00bbwithout_pattern\u00a0\u00bb][vc_column]<div class=\"projects_masonry_wrapper \"><div class=\"projects_masonry_holder portfolio_main_holder  gs4\"><div class=\"qode-portfolio-masonry-gallery-grid-sizer\"><\/div><div class=\"qode-portfolio-masonry-gallery-grid-gutter\"><\/div><article class='portfolio_masonry_item  large_width_height'><div class=\"item_holder split_up\"><div class=\"text_holder\"><div class=\"text_holder_outer\"><div class=\"text_holder_inner\"><h6 itemprop=\"name\" class=\"portfolio_title entry_title\"><a itemprop=\"url\" href=\"https:\/\/fusteriaperevidal.cat\/fr\/portfolio_page\/reforma-de-pis-al-carrer-ravella\/\" >R\u00e9novation d&rsquo;appartement a Calle Ravella<\/a><\/h6><span class=\"project_category\" ><\/span><\/div><\/div><\/div><a itemprop=\"url\" class=\"portfolio_link_class\" title=\"R\u00e9novation d&rsquo;appartement a Calle Ravella\" href=\"https:\/\/fusteriaperevidal.cat\/fr\/portfolio_page\/reforma-de-pis-al-carrer-ravella\/\"><\/a><div  class=\"portfolio_shader\"><\/div><div class=\"image_holder\"><span class=\"image\"><img loading=\"lazy\" decoding=\"async\" width=\"976\" height=\"866\" src=\"https:\/\/fusteriaperevidal.cat\/wp-content\/uploads\/2018\/03\/destacada-Cado-Balada.jpg\" class=\"attachment-portfolio_masonry_large size-portfolio_masonry_large wp-post-image\" alt=\"\" srcset=\"https:\/\/fusteriaperevidal.cat\/wp-content\/uploads\/2018\/03\/destacada-Cado-Balada.jpg 976w, https:\/\/fusteriaperevidal.cat\/wp-content\/uploads\/2018\/03\/destacada-Cado-Balada-300x266.jpg 300w, https:\/\/fusteriaperevidal.cat\/wp-content\/uploads\/2018\/03\/destacada-Cado-Balada-768x681.jpg 768w, https:\/\/fusteriaperevidal.cat\/wp-content\/uploads\/2018\/03\/destacada-Cado-Balada-700x621.jpg 700w\" sizes=\"auto, (max-width: 976px) 100vw, 976px\" \/><\/span><\/div><\/div><\/article><article class='portfolio_masonry_item  default'><div class=\"item_holder split_up\"><div class=\"text_holder\"><div class=\"text_holder_outer\"><div class=\"text_holder_inner\"><h6 itemprop=\"name\" class=\"portfolio_title entry_title\"><a itemprop=\"url\" href=\"https:\/\/fusteriaperevidal.cat\/fr\/portfolio_page\/pis-a-carrer-reina-victoria\/\" >Appartement a Calle Reina Vict\u00f2ria<\/a><\/h6><span class=\"project_category\" ><\/span><\/div><\/div><\/div><a itemprop=\"url\" class=\"portfolio_link_class\" title=\"Appartement a Calle Reina Vict\u00f2ria\" href=\"https:\/\/fusteriaperevidal.cat\/fr\/portfolio_page\/pis-a-carrer-reina-victoria\/\"><\/a><div  class=\"portfolio_shader\"><\/div><div class=\"image_holder\"><span class=\"image\"><img loading=\"lazy\" decoding=\"async\" width=\"473\" height=\"481\" src=\"https:\/\/fusteriaperevidal.cat\/wp-content\/uploads\/2018\/03\/destacada.jpg\" class=\"attachment-portfolio_masonry_regular size-portfolio_masonry_regular wp-post-image\" alt=\"\" srcset=\"https:\/\/fusteriaperevidal.cat\/wp-content\/uploads\/2018\/03\/destacada.jpg 473w, https:\/\/fusteriaperevidal.cat\/wp-content\/uploads\/2018\/03\/destacada-295x300.jpg 295w\" sizes=\"auto, (max-width: 473px) 100vw, 473px\" \/><\/span><\/div><\/div><\/article><article class='portfolio_masonry_item  default'><div class=\"item_holder split_up\"><div class=\"text_holder\"><div class=\"text_holder_outer\"><div class=\"text_holder_inner\"><h6 itemprop=\"name\" class=\"portfolio_title entry_title\"><a itemprop=\"url\" href=\"https:\/\/fusteriaperevidal.cat\/fr\/portfolio_page\/pis-a-mestre-nicolau\/\" >Appartement a Calle Mestre Nicolau<\/a><\/h6><span class=\"project_category\" ><\/span><\/div><\/div><\/div><a itemprop=\"url\" class=\"portfolio_link_class\" title=\"Appartement a Calle Mestre Nicolau\" href=\"https:\/\/fusteriaperevidal.cat\/fr\/portfolio_page\/pis-a-mestre-nicolau\/\"><\/a><div  class=\"portfolio_shader\"><\/div><div class=\"image_holder\"><span class=\"image\"><img loading=\"lazy\" decoding=\"async\" width=\"500\" height=\"500\" src=\"https:\/\/fusteriaperevidal.cat\/wp-content\/uploads\/2018\/03\/interior-Mestre-Nicolau-500x500.jpg\" class=\"attachment-portfolio_masonry_regular size-portfolio_masonry_regular wp-post-image\" alt=\"\" srcset=\"https:\/\/fusteriaperevidal.cat\/wp-content\/uploads\/2018\/03\/interior-Mestre-Nicolau-500x500.jpg 500w, https:\/\/fusteriaperevidal.cat\/wp-content\/uploads\/2018\/03\/interior-Mestre-Nicolau-150x150.jpg 150w, https:\/\/fusteriaperevidal.cat\/wp-content\/uploads\/2018\/03\/interior-Mestre-Nicolau-570x570.jpg 570w\" sizes=\"auto, (max-width: 500px) 100vw, 500px\" \/><\/span><\/div><\/div><\/article><article class='portfolio_masonry_item  default'><div class=\"item_holder split_up\"><div class=\"text_holder\"><div class=\"text_holder_outer\"><div class=\"text_holder_inner\"><h6 itemprop=\"name\" class=\"portfolio_title entry_title\"><a itemprop=\"url\" href=\"https:\/\/fusteriaperevidal.cat\/fr\/portfolio_page\/obra-casa-a-sagaro\/\" >Obra Casa en Sagar\u00f3<\/a><\/h6><span class=\"project_category\" ><\/span><\/div><\/div><\/div><a itemprop=\"url\" class=\"portfolio_link_class\" title=\"Obra Casa en Sagar\u00f3\" href=\"https:\/\/fusteriaperevidal.cat\/fr\/portfolio_page\/obra-casa-a-sagaro\/\"><\/a><div  class=\"portfolio_shader\"><\/div><div class=\"image_holder\"><span class=\"image\"><img loading=\"lazy\" decoding=\"async\" width=\"473\" height=\"481\" src=\"https:\/\/fusteriaperevidal.cat\/wp-content\/uploads\/2018\/03\/destacada-1.jpg\" class=\"attachment-portfolio_masonry_regular size-portfolio_masonry_regular wp-post-image\" alt=\"\" srcset=\"https:\/\/fusteriaperevidal.cat\/wp-content\/uploads\/2018\/03\/destacada-1.jpg 473w, https:\/\/fusteriaperevidal.cat\/wp-content\/uploads\/2018\/03\/destacada-1-295x300.jpg 295w\" sizes=\"auto, (max-width: 473px) 100vw, 473px\" \/><\/span><\/div><\/div><\/article><article class='portfolio_masonry_item  default'><div class=\"item_holder split_up\"><div class=\"text_holder\"><div class=\"text_holder_outer\"><div class=\"text_holder_inner\"><h6 itemprop=\"name\" class=\"portfolio_title entry_title\"><a itemprop=\"url\" href=\"https:\/\/fusteriaperevidal.cat\/fr\/portfolio_page\/xalet-sitges\/\" >Xalet Sitges<\/a><\/h6><span class=\"project_category\" ><\/span><\/div><\/div><\/div><a itemprop=\"url\" class=\"portfolio_link_class\" title=\"Xalet Sitges\" href=\"https:\/\/fusteriaperevidal.cat\/fr\/portfolio_page\/xalet-sitges\/\"><\/a><div  class=\"portfolio_shader\"><\/div><div class=\"image_holder\"><span class=\"image\"><img loading=\"lazy\" decoding=\"async\" width=\"473\" height=\"481\" src=\"https:\/\/fusteriaperevidal.cat\/wp-content\/uploads\/2018\/03\/destacada-2.jpg\" class=\"attachment-portfolio_masonry_regular size-portfolio_masonry_regular wp-post-image\" alt=\"\" srcset=\"https:\/\/fusteriaperevidal.cat\/wp-content\/uploads\/2018\/03\/destacada-2.jpg 473w, https:\/\/fusteriaperevidal.cat\/wp-content\/uploads\/2018\/03\/destacada-2-295x300.jpg 295w\" sizes=\"auto, (max-width: 473px) 100vw, 473px\" \/><\/span><\/div><\/div><\/article><article class='portfolio_masonry_item  default'><div class=\"item_holder split_up\"><div class=\"text_holder\"><div class=\"text_holder_outer\"><div class=\"text_holder_inner\"><h6 itemprop=\"name\" class=\"portfolio_title entry_title\"><a itemprop=\"url\" href=\"https:\/\/fusteriaperevidal.cat\/fr\/portfolio_page\/portfolio-6\/\" >Obra Sitges<\/a><\/h6><span class=\"project_category\" ><\/span><\/div><\/div><\/div><a itemprop=\"url\" class=\"portfolio_link_class\" title=\"Obra Sitges\" href=\"https:\/\/fusteriaperevidal.cat\/fr\/portfolio_page\/portfolio-6\/\"><\/a><div  class=\"portfolio_shader\"><\/div><div class=\"image_holder\"><span class=\"image\"><img loading=\"lazy\" decoding=\"async\" width=\"473\" height=\"481\" src=\"https:\/\/fusteriaperevidal.cat\/wp-content\/uploads\/2018\/03\/destacada-3.jpg\" class=\"attachment-portfolio_masonry_regular size-portfolio_masonry_regular wp-post-image\" alt=\"\" srcset=\"https:\/\/fusteriaperevidal.cat\/wp-content\/uploads\/2018\/03\/destacada-3.jpg 473w, https:\/\/fusteriaperevidal.cat\/wp-content\/uploads\/2018\/03\/destacada-3-295x300.jpg 295w\" sizes=\"auto, (max-width: 473px) 100vw, 473px\" \/><\/span><\/div><\/div><\/article><article class='portfolio_masonry_item  default'><span class=\"qode-portfolio-new-badge\"><\/span><div class=\"item_holder split_up\"><div class=\"text_holder\"><div class=\"text_holder_outer\"><div class=\"text_holder_inner\"><h6 itemprop=\"name\" class=\"portfolio_title entry_title\"><a itemprop=\"url\" href=\"https:\/\/fusteriaperevidal.cat\/fr\/portfolio_page\/obra-sitges\/\" >Chal\u00e9 Sitges 3<\/a><\/h6><span class=\"project_category\" ><\/span><\/div><\/div><\/div><a itemprop=\"url\" class=\"portfolio_link_class\" title=\"Chal\u00e9 Sitges 3\" href=\"https:\/\/fusteriaperevidal.cat\/fr\/portfolio_page\/obra-sitges\/\"><\/a><div  class=\"portfolio_shader\"><\/div><div class=\"image_holder\"><span class=\"image\"><img loading=\"lazy\" decoding=\"async\" width=\"473\" height=\"481\" src=\"https:\/\/fusteriaperevidal.cat\/wp-content\/uploads\/2018\/03\/destacada-4.jpg\" class=\"attachment-portfolio_masonry_regular size-portfolio_masonry_regular wp-post-image\" alt=\"\" srcset=\"https:\/\/fusteriaperevidal.cat\/wp-content\/uploads\/2018\/03\/destacada-4.jpg 473w, https:\/\/fusteriaperevidal.cat\/wp-content\/uploads\/2018\/03\/destacada-4-295x300.jpg 295w\" sizes=\"auto, (max-width: 473px) 100vw, 473px\" \/><\/span><\/div><\/div><\/article><article class='portfolio_masonry_item  default'><span class=\"qode-portfolio-new-badge\"><\/span><div class=\"item_holder split_up\"><div class=\"text_holder\"><div class=\"text_holder_outer\"><div class=\"text_holder_inner\"><h6 itemprop=\"name\" class=\"portfolio_title entry_title\"><a itemprop=\"url\" href=\"https:\/\/fusteriaperevidal.cat\/fr\/portfolio_page\/portfolio8\/\" >Chal\u00e9 Llavaneres<\/a><\/h6><span class=\"project_category\" ><\/span><\/div><\/div><\/div><a itemprop=\"url\" class=\"portfolio_link_class\" title=\"Chal\u00e9 Llavaneres\" href=\"https:\/\/fusteriaperevidal.cat\/fr\/portfolio_page\/portfolio8\/\"><\/a><div  class=\"portfolio_shader\"><\/div><div class=\"image_holder\"><span class=\"image\"><img loading=\"lazy\" decoding=\"async\" width=\"473\" height=\"481\" src=\"https:\/\/fusteriaperevidal.cat\/wp-content\/uploads\/2018\/03\/destacada-5.jpg\" class=\"attachment-portfolio_masonry_regular size-portfolio_masonry_regular wp-post-image\" alt=\"\" srcset=\"https:\/\/fusteriaperevidal.cat\/wp-content\/uploads\/2018\/03\/destacada-5.jpg 473w, https:\/\/fusteriaperevidal.cat\/wp-content\/uploads\/2018\/03\/destacada-5-295x300.jpg 295w\" sizes=\"auto, (max-width: 473px) 100vw, 473px\" \/><\/span><\/div><\/div><\/article><\/div><\/div>[\/vc_column][\/vc_row]<\/p>\n","protected":false},"excerpt":{"rendered":"<p>[vc_row css_animation=\u00a0\u00bb\u00a0\u00bb row_type=\u00a0\u00bbrow\u00a0\u00bb use_row_as_full_screen_section=\u00a0\u00bbno\u00a0\u00bb type=\u00a0\u00bbfull_width\u00a0\u00bb angled_section=\u00a0\u00bbno\u00a0\u00bb text_align=\u00a0\u00bbleft\u00a0\u00bb background_image_as_pattern=\u00a0\u00bbwithout_pattern\u00a0\u00bb][vc_column][\/vc_column][\/vc_row]<\/p>\n","protected":false},"author":1,"featured_media":0,"parent":0,"menu_order":0,"comment_status":"closed","ping_status":"closed","template":"full_width.php","meta":{"_monsterinsights_skip_tracking":false,"_monsterinsights_sitenote_active":false,"_monsterinsights_sitenote_note":"","_monsterinsights_sitenote_category":0,"footnotes":""},"class_list":["post-604","page","type-page","status-publish","hentry"],"yoast_head":"<!-- This site is optimized with the Yoast SEO plugin v26.0 - https:\/\/yoast.com\/wordpress\/plugins\/seo\/ -->\n<title>Nos derniers projets de meubles en bois \u00e0 La Cerdagne.<\/title>\n<meta name=\"description\" content=\"D\u00e9couvrez nos projets. Made in Carpentry Pere Vidal avec la meilleure qualit\u00e9 pour fabriquer des meubles en bois comme vous le souhaitez.\" \/>\n<meta name=\"robots\" content=\"index, follow, max-snippet:-1, max-image-preview:large, max-video-preview:-1\" \/>\n<link rel=\"canonical\" href=\"https:\/\/fusteriaperevidal.cat\/fr\/derniers-projets\/\" \/>\n<meta property=\"og:locale\" content=\"fr_FR\" \/>\n<meta property=\"og:type\" content=\"article\" \/>\n<meta property=\"og:title\" content=\"Nos derniers projets de meubles en bois \u00e0 La Cerdagne.\" \/>\n<meta property=\"og:description\" content=\"D\u00e9couvrez nos projets. Made in Carpentry Pere Vidal avec la meilleure qualit\u00e9 pour fabriquer des meubles en bois comme vous le souhaitez.\" \/>\n<meta property=\"og:url\" content=\"https:\/\/fusteriaperevidal.cat\/fr\/derniers-projets\/\" \/>\n<meta property=\"og:site_name\" content=\"Fusteria Pere Vidal\" \/>\n<meta property=\"article:modified_time\" content=\"2020-07-21T10:30:37+00:00\" \/>\n<meta name=\"twitter:card\" content=\"summary_large_image\" \/>\n<script type=\"application\/ld+json\" class=\"yoast-schema-graph\">{\"@context\":\"https:\/\/schema.org\",\"@graph\":[{\"@type\":\"WebPage\",\"@id\":\"https:\/\/fusteriaperevidal.cat\/fr\/derniers-projets\/\",\"url\":\"https:\/\/fusteriaperevidal.cat\/fr\/derniers-projets\/\",\"name\":\"Nos derniers projets de meubles en bois \u00e0 La Cerdagne.\",\"isPartOf\":{\"@id\":\"https:\/\/fusteriaperevidal.cat\/#website\"},\"datePublished\":\"2018-03-21T16:38:49+00:00\",\"dateModified\":\"2020-07-21T10:30:37+00:00\",\"description\":\"D\u00e9couvrez nos projets. Made in Carpentry Pere Vidal avec la meilleure qualit\u00e9 pour fabriquer des meubles en bois comme vous le souhaitez.\",\"breadcrumb\":{\"@id\":\"https:\/\/fusteriaperevidal.cat\/fr\/derniers-projets\/#breadcrumb\"},\"inLanguage\":\"fr-FR\",\"potentialAction\":[{\"@type\":\"ReadAction\",\"target\":[\"https:\/\/fusteriaperevidal.cat\/fr\/derniers-projets\/\"]}]},{\"@type\":\"BreadcrumbList\",\"@id\":\"https:\/\/fusteriaperevidal.cat\/fr\/derniers-projets\/#breadcrumb\",\"itemListElement\":[{\"@type\":\"ListItem\",\"position\":1,\"name\":\"Inici\",\"item\":\"https:\/\/fusteriaperevidal.cat\/fr\/\"},{\"@type\":\"ListItem\",\"position\":2,\"name\":\"Nos derniers\"}]},{\"@type\":\"WebSite\",\"@id\":\"https:\/\/fusteriaperevidal.cat\/#website\",\"url\":\"https:\/\/fusteriaperevidal.cat\/\",\"name\":\"Fusteria Pere Vidal\",\"description\":\"\",\"potentialAction\":[{\"@type\":\"SearchAction\",\"target\":{\"@type\":\"EntryPoint\",\"urlTemplate\":\"https:\/\/fusteriaperevidal.cat\/?s={search_term_string}\"},\"query-input\":{\"@type\":\"PropertyValueSpecification\",\"valueRequired\":true,\"valueName\":\"search_term_string\"}}],\"inLanguage\":\"fr-FR\"}]}<\/script>\n<!-- \/ Yoast SEO plugin. -->","yoast_head_json":{"title":"Nos derniers projets de meubles en bois \u00e0 La Cerdagne.","description":"D\u00e9couvrez nos projets. Made in Carpentry Pere Vidal avec la meilleure qualit\u00e9 pour fabriquer des meubles en bois comme vous le souhaitez.","robots":{"index":"index","follow":"follow","max-snippet":"max-snippet:-1","max-image-preview":"max-image-preview:large","max-video-preview":"max-video-preview:-1"},"canonical":"https:\/\/fusteriaperevidal.cat\/fr\/derniers-projets\/","og_locale":"fr_FR","og_type":"article","og_title":"Nos derniers projets de meubles en bois \u00e0 La Cerdagne.","og_description":"D\u00e9couvrez nos projets. Made in Carpentry Pere Vidal avec la meilleure qualit\u00e9 pour fabriquer des meubles en bois comme vous le souhaitez.","og_url":"https:\/\/fusteriaperevidal.cat\/fr\/derniers-projets\/","og_site_name":"Fusteria Pere Vidal","article_modified_time":"2020-07-21T10:30:37+00:00","twitter_card":"summary_large_image","schema":{"@context":"https:\/\/schema.org","@graph":[{"@type":"WebPage","@id":"https:\/\/fusteriaperevidal.cat\/fr\/derniers-projets\/","url":"https:\/\/fusteriaperevidal.cat\/fr\/derniers-projets\/","name":"Nos derniers projets de meubles en bois \u00e0 La Cerdagne.","isPartOf":{"@id":"https:\/\/fusteriaperevidal.cat\/#website"},"datePublished":"2018-03-21T16:38:49+00:00","dateModified":"2020-07-21T10:30:37+00:00","description":"D\u00e9couvrez nos projets. Made in Carpentry Pere Vidal avec la meilleure qualit\u00e9 pour fabriquer des meubles en bois comme vous le souhaitez.","breadcrumb":{"@id":"https:\/\/fusteriaperevidal.cat\/fr\/derniers-projets\/#breadcrumb"},"inLanguage":"fr-FR","potentialAction":[{"@type":"ReadAction","target":["https:\/\/fusteriaperevidal.cat\/fr\/derniers-projets\/"]}]},{"@type":"BreadcrumbList","@id":"https:\/\/fusteriaperevidal.cat\/fr\/derniers-projets\/#breadcrumb","itemListElement":[{"@type":"ListItem","position":1,"name":"Inici","item":"https:\/\/fusteriaperevidal.cat\/fr\/"},{"@type":"ListItem","position":2,"name":"Nos derniers"}]},{"@type":"WebSite","@id":"https:\/\/fusteriaperevidal.cat\/#website","url":"https:\/\/fusteriaperevidal.cat\/","name":"Fusteria Pere Vidal","description":"","potentialAction":[{"@type":"SearchAction","target":{"@type":"EntryPoint","urlTemplate":"https:\/\/fusteriaperevidal.cat\/?s={search_term_string}"},"query-input":{"@type":"PropertyValueSpecification","valueRequired":true,"valueName":"search_term_string"}}],"inLanguage":"fr-FR"}]}},"_links":{"self":[{"href":"https:\/\/fusteriaperevidal.cat\/fr\/wp-json\/wp\/v2\/pages\/604","targetHints":{"allow":["GET"]}}],"collection":[{"href":"https:\/\/fusteriaperevidal.cat\/fr\/wp-json\/wp\/v2\/pages"}],"about":[{"href":"https:\/\/fusteriaperevidal.cat\/fr\/wp-json\/wp\/v2\/types\/page"}],"author":[{"embeddable":true,"href":"https:\/\/fusteriaperevidal.cat\/fr\/wp-json\/wp\/v2\/users\/1"}],"replies":[{"embeddable":true,"href":"https:\/\/fusteriaperevidal.cat\/fr\/wp-json\/wp\/v2\/comments?post=604"}],"version-history":[{"count":2,"href":"https:\/\/fusteriaperevidal.cat\/fr\/wp-json\/wp\/v2\/pages\/604\/revisions"}],"predecessor-version":[{"id":672,"href":"https:\/\/fusteriaperevidal.cat\/fr\/wp-json\/wp\/v2\/pages\/604\/revisions\/672"}],"wp:attachment":[{"href":"https:\/\/fusteriaperevidal.cat\/fr\/wp-json\/wp\/v2\/media?parent=604"}],"curies":[{"name":"wp","href":"https:\/\/api.w.org\/{rel}","templated":true}]}}