{"id":606,"date":"2018-03-21T16:18:04","date_gmt":"2018-03-21T16:18:04","guid":{"rendered":"https:\/\/fusteriaperevidal.cat?page_id=606"},"modified":"2020-07-21T10:29:23","modified_gmt":"2020-07-21T10:29:23","slug":"mobilier-reformes","status":"publish","type":"page","link":"https:\/\/fusteriaperevidal.cat\/fr\/mobilier-reformes\/","title":{"rendered":"Meubles et r\u00e9formes"},"content":{"rendered":"<p>[vc_row css_animation=\u00a0\u00bb\u00a0\u00bb row_type=\u00a0\u00bbrow\u00a0\u00bb use_row_as_full_screen_section=\u00a0\u00bbno\u00a0\u00bb type=\u00a0\u00bbfull_width\u00a0\u00bb angled_section=\u00a0\u00bbno\u00a0\u00bb text_align=\u00a0\u00bbleft\u00a0\u00bb background_image_as_pattern=\u00a0\u00bbwithout_pattern\u00a0\u00bb el_class=\u00a0\u00bbrow-with-separator\u00a0\u00bb z_index=\u00a0\u00bb\u00a0\u00bb][vc_column css=\u00a0\u00bb.vc_custom_1516724424449{margin-top: 0px !important;margin-right: 0px !important;margin-bottom: 0px !important;margin-left: 0px !important;padding-right: 0px !important;padding-left: 0px !important;}\u00a0\u00bb][qode_elements_holder number_of_columns=\u00a0\u00bbtwo_columns\u00a0\u00bb][qode_elements_holder_item background_image=\u00a0\u00bb401&Prime; vertical_alignment=\u00a0\u00bbmiddle\u00a0\u00bb advanced_animations=\u00a0\u00bbno\u00a0\u00bb][\/qode_elements_holder_item][qode_elements_holder_item item_padding=\u00a0\u00bb29% 16%\u00a0\u00bb vertical_alignment=\u00a0\u00bbmiddle\u00a0\u00bb advanced_animations=\u00a0\u00bbno\u00a0\u00bb item_padding_1280_1440=\u00a0\u00bb5% 13%\u00a0\u00bb item_padding_1024_1280=\u00a0\u00bb5% 13%\u00a0\u00bb item_padding_768_1024=\u00a0\u00bb6% 10%\u00a0\u00bb item_padding_600_768=\u00a0\u00bb15% 9%\u00a0\u00bb item_padding_480_600=\u00a0\u00bb17% 15%\u00a0\u00bb item_padding_480=\u00a0\u00bb17% 15%\u00a0\u00bb][vc_column_text]<\/p>\n<h1>Meubles et r\u00e9formes<\/h1>\n<p>[\/vc_column_text][vc_empty_space height=\u00a0\u00bb20px\u00a0\u00bb][vc_column_text]Nous sommes sp\u00e9cialis\u00e9s dans la fabrication et la mise en place de tous types de meubles et accessoires dans le monde du bois. Au sein de la menuiserie PERE VIDAL, nous cr\u00e9ons tous les \u00e9l\u00e9ments n\u00e9cessaires \u00e0 la demande dans les domaines de la d\u00e9coration, de la construction pour des particuliers ainsi que pour des expositions ou des foire, que ce soit pour des clients espagnoles ou fran\u00e7ais.<\/p>\n<p>&nbsp;<\/p>\n<p>Conscients de l\u2019importance de chaque d\u00e9tail, nous cr\u00e9ons chaque objet afin qu\u2019il soit adapt\u00e9 \u00e0 tout type de demande avec soin et pr\u00e9cision[\/vc_column_text][vc_empty_space height=\u00a0\u00bb40px\u00a0\u00bb]<a  itemprop=\"url\" href=\"?page_id=224\" target=\"_self\"  class=\"qbutton  medium default\" style=\"\">Demander un devis<\/a>[vc_empty_space height=\u00a0\u00bb65px\u00a0\u00bb][\/qode_elements_holder_item][\/qode_elements_holder][\/vc_column][\/vc_row][vc_row css_animation=\u00a0\u00bb\u00a0\u00bb row_type=\u00a0\u00bbrow\u00a0\u00bb use_row_as_full_screen_section=\u00a0\u00bbno\u00a0\u00bb type=\u00a0\u00bbfull_width\u00a0\u00bb angled_section=\u00a0\u00bbno\u00a0\u00bb text_align=\u00a0\u00bbleft\u00a0\u00bb background_image_as_pattern=\u00a0\u00bbwithout_pattern\u00a0\u00bb el_class=\u00a0\u00bbrow-with-separator\u00a0\u00bb z_index=\u00a0\u00bb\u00a0\u00bb][vc_column css=\u00a0\u00bb.vc_custom_1516375458942{margin-top: 0px !important;margin-right: 0px !important;margin-bottom: 0px !important;margin-left: 0px !important;padding-right: 0px !important;padding-left: 0px !important;}\u00a0\u00bb offset=\u00a0\u00bbvc_col-lg-6 vc_col-md-12&Prime;][qode_elements_holder number_of_columns=\u00a0\u00bbtwo_columns\u00a0\u00bb switch_to_one_column=\u00a0\u00bb1000&Prime;][qode_elements_holder_item item_padding=\u00a0\u00bb20% 10% 21.5% 14%\u00a0\u00bb advanced_animations=\u00a0\u00bbno\u00a0\u00bb item_padding_1280_1440=\u00a0\u00bb14% 2% 14% 7%\u00a0\u00bb item_padding_1024_1280=\u00a0\u00bb10% 2% 10% 4%\u00a0\u00bb item_padding_768_1024=\u00a0\u00bb21% 16%\u00a0\u00bb item_padding_600_768=\u00a0\u00bb15% 30% 15% 14%\u00a0\u00bb item_padding_480_600=\u00a0\u00bb17% 10% 17% 14%\u00a0\u00bb item_padding_480=\u00a0\u00bb17% 10% 17% 14%\u00a0\u00bb][vc_column_text]<\/p>\n<h2 style=\"font-weight: 900;\">Nos derniers r\u00e9alisations<\/h2>\n<p>[\/vc_column_text][vc_empty_space height=\u00a0\u00bb29px\u00a0\u00bb][vc_column_text]<\/p>\n<p style=\"margin-right: 6%;\">Restez \u00e0 jour avec nos derniers projets.<\/p>\n<p>[\/vc_column_text][vc_empty_space height=\u00a0\u00bb50px\u00a0\u00bb]<a  itemprop=\"url\" href=\"?page_id=413\" target=\"_self\"  class=\"qbutton  medium default\" style=\"\">Voir plus<\/a>[vc_empty_space height=\u00a0\u00bb40px\u00a0\u00bb el_class=\u00a0\u00bbempty-space-hidden\u00a0\u00bb][\/qode_elements_holder_item][qode_elements_holder_item background_image=\u00a0\u00bb404&Prime; item_padding=\u00a0\u00bb240px 0px\u00a0\u00bb advanced_animations=\u00a0\u00bbno\u00a0\u00bb item_padding_1280_1440=\u00a0\u00bb48.7% 0px\u00a0\u00bb item_padding_1024_1280=\u00a0\u00bb47% 0px\u00a0\u00bb item_padding_480_600=\u00a0\u00bb46% 0px\u00a0\u00bb item_padding_480=\u00a0\u00bb46% 0px\u00a0\u00bb][\/qode_elements_holder_item][\/qode_elements_holder][qode_elements_holder number_of_columns=\u00a0\u00bbtwo_columns\u00a0\u00bb switch_to_one_column=\u00a0\u00bb1000&Prime;][qode_elements_holder_item background_image=\u00a0\u00bb358&Prime; item_padding=\u00a0\u00bb240px 0px\u00a0\u00bb advanced_animations=\u00a0\u00bbno\u00a0\u00bb item_padding_1280_1440=\u00a0\u00bb48.7% 0px\u00a0\u00bb item_padding_1024_1280=\u00a0\u00bb47% 0px\u00a0\u00bb item_padding_480_600=\u00a0\u00bb46% 0px\u00a0\u00bb item_padding_480=\u00a0\u00bb46% 0px\u00a0\u00bb][\/qode_elements_holder_item][qode_elements_holder_item item_padding=\u00a0\u00bb20% 10% 21.5% 14%\u00a0\u00bb advanced_animations=\u00a0\u00bbno\u00a0\u00bb item_padding_1280_1440=\u00a0\u00bb14% 2% 14% 7%\u00a0\u00bb item_padding_1024_1280=\u00a0\u00bb10% 2% 10% 4%\u00a0\u00bb item_padding_768_1024=\u00a0\u00bb21% 16%\u00a0\u00bb item_padding_600_768=\u00a0\u00bb15% 30% 15% 14%\u00a0\u00bb item_padding_480_600=\u00a0\u00bb17% 10% 17% 14%\u00a0\u00bb item_padding_480=\u00a0\u00bb17% 10% 17% 14%\u00a0\u00bb][vc_column_text]<\/p>\n<h2 style=\"font-weight: 900;\">Abonnez-vous \u00e0 notre newsletter<\/h2>\n<p>[\/vc_column_text][vc_empty_space height=\u00a0\u00bb50px\u00a0\u00bb]\n<div class=\"wpcf7 no-js\" id=\"wpcf7-f613-o1\" lang=\"en-US\" dir=\"ltr\" data-wpcf7-id=\"613\">\n<div class=\"screen-reader-response\"><p role=\"status\" aria-live=\"polite\" aria-atomic=\"true\"><\/p> <ul><\/ul><\/div>\n<form action=\"\/fr\/wp-json\/wp\/v2\/pages\/606#wpcf7-f613-o1\" method=\"post\" class=\"wpcf7-form init cf7_custom_style_1\" aria-label=\"Contact form\" novalidate=\"novalidate\" data-status=\"init\">\n<fieldset class=\"hidden-fields-container\"><input type=\"hidden\" name=\"_wpcf7\" value=\"613\" \/><input type=\"hidden\" name=\"_wpcf7_version\" value=\"6.1.2\" \/><input type=\"hidden\" name=\"_wpcf7_locale\" value=\"en_US\" \/><input type=\"hidden\" name=\"_wpcf7_unit_tag\" value=\"wpcf7-f613-o1\" \/><input type=\"hidden\" name=\"_wpcf7_container_post\" value=\"0\" \/><input type=\"hidden\" name=\"_wpcf7_posted_data_hash\" value=\"\" \/>\n<\/fieldset>\n<div class=\"two_columns_form_without_space\">\n\t<p><span class=\"wpcf7-form-control-wrap\" data-name=\"your-name\"><input size=\"40\" maxlength=\"400\" class=\"wpcf7-form-control wpcf7-text wpcf7-validates-as-required\" aria-required=\"true\" aria-invalid=\"false\" placeholder=\"Adresse \u00e9l\u00e9ctronique\" value=\"\" type=\"text\" name=\"your-name\" \/><\/span>\n\t<\/p>\n\t<p><input class=\"wpcf7-form-control wpcf7-submit has-spinner\" type=\"submit\" value=\"Envoyer\" \/>\n\t<\/p>\n\t<div>\n\t\t<p><span class=\"wpcf7-form-control-wrap\" data-name=\"acceptance-706\"><span class=\"wpcf7-form-control wpcf7-acceptance\"><span class=\"wpcf7-list-item\"><label><input type=\"checkbox\" name=\"acceptance-706\" value=\"1\" aria-invalid=\"false\" \/><span class=\"wpcf7-list-item-label\">J'ai lu et accept\u00e9 la <a href=\"?page_id=469\" target=\"_blank\">Politique de confidentialit\u00e9 <\/a><\/span><\/label><\/span><\/span><\/span>\n\t\t<\/p>\n\t<\/div>\n<\/div><div class=\"inv-recaptcha-holder\"><\/div><div class=\"wpcf7-response-output\" aria-hidden=\"true\"><\/div>\n<\/form>\n<\/div>\n[vc_empty_space height=\u00a0\u00bb40px\u00a0\u00bb el_class=\u00a0\u00bbempty-space-hidden\u00a0\u00bb][\/qode_elements_holder_item][\/qode_elements_holder][\/vc_column][vc_column css=\u00a0\u00bb.vc_custom_1516375454296{margin-top: 0px !important;margin-right: 0px !important;margin-bottom: 0px !important;margin-left: 0px !important;padding-right: 0px !important;padding-left: 0px !important;}\u00a0\u00bb offset=\u00a0\u00bbvc_col-lg-6 vc_col-md-12&Prime;][qode_elements_holder number_of_columns=\u00a0\u00bbone_column\u00a0\u00bb][qode_elements_holder_item background_image=\u00a0\u00bb409&Prime; item_padding=\u00a0\u00bb60% 14% 43.90%;\u00a0\u00bb advanced_animations=\u00a0\u00bbno\u00a0\u00bb item_padding_1280_1440=\u00a0\u00bb18% 2% 30.3% 4%\u00a0\u00bb item_padding_1024_1280=\u00a0\u00bb16.7% 4% 25% 8%\u00a0\u00bb item_padding_768_1024=\u00a0\u00bb25% 30% 27% 13%\u00a0\u00bb item_padding_600_768=\u00a0\u00bb15% 9% 32%\u00a0\u00bb item_padding_480_600=\u00a0\u00bb16% 0% 33%\u00a0\u00bb item_padding_480=\u00a0\u00bb16% 0% 33%\u00a0\u00bb][\/qode_elements_holder_item][\/qode_elements_holder][\/vc_column][\/vc_row]<\/p>\n","protected":false},"excerpt":{"rendered":"<p>[vc_row css_animation=\u00a0\u00bb\u00a0\u00bb row_type=\u00a0\u00bbrow\u00a0\u00bb use_row_as_full_screen_section=\u00a0\u00bbno\u00a0\u00bb type=\u00a0\u00bbfull_width\u00a0\u00bb angled_section=\u00a0\u00bbno\u00a0\u00bb text_align=\u00a0\u00bbleft\u00a0\u00bb background_image_as_pattern=\u00a0\u00bbwithout_pattern\u00a0\u00bb el_class=\u00a0\u00bbrow-with-separator\u00a0\u00bb z_index=\u00a0\u00bb\u00a0\u00bb][vc_column css=\u00a0\u00bb.vc_custom_1516724424449{margin-top: 0px !important;margin-right: 0px !important;margin-bottom: 0px !important;margin-left: 0px !important;padding-right: 0px !important;padding-left: 0px !important;}\u00a0\u00bb][qode_elements_holder number_of_columns=\u00a0\u00bbtwo_columns\u00a0\u00bb][qode_elements_holder_item background_image=\u00a0\u00bb401&Prime; vertical_alignment=\u00a0\u00bbmiddle\u00a0\u00bb advanced_animations=\u00a0\u00bbno\u00a0\u00bb][\/qode_elements_holder_item][qode_elements_holder_item item_padding=\u00a0\u00bb29% 16%\u00a0\u00bb vertical_alignment=\u00a0\u00bbmiddle\u00a0\u00bb advanced_animations=\u00a0\u00bbno\u00a0\u00bb item_padding_1280_1440=\u00a0\u00bb5% 13%\u00a0\u00bb item_padding_1024_1280=\u00a0\u00bb5% 13%\u00a0\u00bb item_padding_768_1024=\u00a0\u00bb6% 10%\u00a0\u00bb item_padding_600_768=\u00a0\u00bb15% 9%\u00a0\u00bb item_padding_480_600=\u00a0\u00bb17% 15%\u00a0\u00bb item_padding_480=\u00a0\u00bb17% 15%\u00a0\u00bb][vc_column_text] Meubles et&#8230;<\/p>\n","protected":false},"author":1,"featured_media":0,"parent":0,"menu_order":0,"comment_status":"closed","ping_status":"closed","template":"full_width.php","meta":{"_monsterinsights_skip_tracking":false,"_monsterinsights_sitenote_active":false,"_monsterinsights_sitenote_note":"","_monsterinsights_sitenote_category":0,"footnotes":""},"class_list":["post-606","page","type-page","status-publish","hentry"],"yoast_head":"<!-- This site is optimized with the Yoast SEO plugin v26.0 - https:\/\/yoast.com\/wordpress\/plugins\/seo\/ -->\n<title>Nous fabriquons des meubles en bois \u00e0 La Cerdagne. Pere Vidal Fusteria<\/title>\n<meta name=\"description\" content=\"Dans la menuiserie Pere Vidal, nous fabriquons des meubles en bois en Cerdagne. Nous offrons des r\u00e9formes et des services de construction de meubles.\" \/>\n<meta name=\"robots\" content=\"index, follow, max-snippet:-1, max-image-preview:large, max-video-preview:-1\" \/>\n<link rel=\"canonical\" href=\"https:\/\/fusteriaperevidal.cat\/fr\/mobilier-reformes\/\" \/>\n<meta property=\"og:locale\" content=\"fr_FR\" \/>\n<meta property=\"og:type\" content=\"article\" \/>\n<meta property=\"og:title\" content=\"Nous fabriquons des meubles en bois \u00e0 La Cerdagne. Pere Vidal Fusteria\" \/>\n<meta property=\"og:description\" content=\"Dans la menuiserie Pere Vidal, nous fabriquons des meubles en bois en Cerdagne. Nous offrons des r\u00e9formes et des services de construction de meubles.\" \/>\n<meta property=\"og:url\" content=\"https:\/\/fusteriaperevidal.cat\/fr\/mobilier-reformes\/\" \/>\n<meta property=\"og:site_name\" content=\"Fusteria Pere Vidal\" \/>\n<meta property=\"article:modified_time\" content=\"2020-07-21T10:29:23+00:00\" \/>\n<meta name=\"twitter:card\" content=\"summary_large_image\" \/>\n<meta name=\"twitter:label1\" content=\"Dur\u00e9e de lecture estim\u00e9e\" \/>\n\t<meta name=\"twitter:data1\" content=\"3 minutes\" \/>\n<script type=\"application\/ld+json\" class=\"yoast-schema-graph\">{\"@context\":\"https:\/\/schema.org\",\"@graph\":[{\"@type\":\"WebPage\",\"@id\":\"https:\/\/fusteriaperevidal.cat\/fr\/mobilier-reformes\/\",\"url\":\"https:\/\/fusteriaperevidal.cat\/fr\/mobilier-reformes\/\",\"name\":\"Nous fabriquons des meubles en bois \u00e0 La Cerdagne. Pere Vidal Fusteria\",\"isPartOf\":{\"@id\":\"https:\/\/fusteriaperevidal.cat\/#website\"},\"datePublished\":\"2018-03-21T16:18:04+00:00\",\"dateModified\":\"2020-07-21T10:29:23+00:00\",\"description\":\"Dans la menuiserie Pere Vidal, nous fabriquons des meubles en bois en Cerdagne. Nous offrons des r\u00e9formes et des services de construction de meubles.\",\"breadcrumb\":{\"@id\":\"https:\/\/fusteriaperevidal.cat\/fr\/mobilier-reformes\/#breadcrumb\"},\"inLanguage\":\"fr-FR\",\"potentialAction\":[{\"@type\":\"ReadAction\",\"target\":[\"https:\/\/fusteriaperevidal.cat\/fr\/mobilier-reformes\/\"]}]},{\"@type\":\"BreadcrumbList\",\"@id\":\"https:\/\/fusteriaperevidal.cat\/fr\/mobilier-reformes\/#breadcrumb\",\"itemListElement\":[{\"@type\":\"ListItem\",\"position\":1,\"name\":\"Inici\",\"item\":\"https:\/\/fusteriaperevidal.cat\/fr\/\"},{\"@type\":\"ListItem\",\"position\":2,\"name\":\"Meubles et r\u00e9formes\"}]},{\"@type\":\"WebSite\",\"@id\":\"https:\/\/fusteriaperevidal.cat\/#website\",\"url\":\"https:\/\/fusteriaperevidal.cat\/\",\"name\":\"Fusteria Pere Vidal\",\"description\":\"\",\"potentialAction\":[{\"@type\":\"SearchAction\",\"target\":{\"@type\":\"EntryPoint\",\"urlTemplate\":\"https:\/\/fusteriaperevidal.cat\/?s={search_term_string}\"},\"query-input\":{\"@type\":\"PropertyValueSpecification\",\"valueRequired\":true,\"valueName\":\"search_term_string\"}}],\"inLanguage\":\"fr-FR\"}]}<\/script>\n<!-- \/ Yoast SEO plugin. -->","yoast_head_json":{"title":"Nous fabriquons des meubles en bois \u00e0 La Cerdagne. Pere Vidal Fusteria","description":"Dans la menuiserie Pere Vidal, nous fabriquons des meubles en bois en Cerdagne. Nous offrons des r\u00e9formes et des services de construction de meubles.","robots":{"index":"index","follow":"follow","max-snippet":"max-snippet:-1","max-image-preview":"max-image-preview:large","max-video-preview":"max-video-preview:-1"},"canonical":"https:\/\/fusteriaperevidal.cat\/fr\/mobilier-reformes\/","og_locale":"fr_FR","og_type":"article","og_title":"Nous fabriquons des meubles en bois \u00e0 La Cerdagne. Pere Vidal Fusteria","og_description":"Dans la menuiserie Pere Vidal, nous fabriquons des meubles en bois en Cerdagne. Nous offrons des r\u00e9formes et des services de construction de meubles.","og_url":"https:\/\/fusteriaperevidal.cat\/fr\/mobilier-reformes\/","og_site_name":"Fusteria Pere Vidal","article_modified_time":"2020-07-21T10:29:23+00:00","twitter_card":"summary_large_image","twitter_misc":{"Dur\u00e9e de lecture estim\u00e9e":"3 minutes"},"schema":{"@context":"https:\/\/schema.org","@graph":[{"@type":"WebPage","@id":"https:\/\/fusteriaperevidal.cat\/fr\/mobilier-reformes\/","url":"https:\/\/fusteriaperevidal.cat\/fr\/mobilier-reformes\/","name":"Nous fabriquons des meubles en bois \u00e0 La Cerdagne. Pere Vidal Fusteria","isPartOf":{"@id":"https:\/\/fusteriaperevidal.cat\/#website"},"datePublished":"2018-03-21T16:18:04+00:00","dateModified":"2020-07-21T10:29:23+00:00","description":"Dans la menuiserie Pere Vidal, nous fabriquons des meubles en bois en Cerdagne. Nous offrons des r\u00e9formes et des services de construction de meubles.","breadcrumb":{"@id":"https:\/\/fusteriaperevidal.cat\/fr\/mobilier-reformes\/#breadcrumb"},"inLanguage":"fr-FR","potentialAction":[{"@type":"ReadAction","target":["https:\/\/fusteriaperevidal.cat\/fr\/mobilier-reformes\/"]}]},{"@type":"BreadcrumbList","@id":"https:\/\/fusteriaperevidal.cat\/fr\/mobilier-reformes\/#breadcrumb","itemListElement":[{"@type":"ListItem","position":1,"name":"Inici","item":"https:\/\/fusteriaperevidal.cat\/fr\/"},{"@type":"ListItem","position":2,"name":"Meubles et r\u00e9formes"}]},{"@type":"WebSite","@id":"https:\/\/fusteriaperevidal.cat\/#website","url":"https:\/\/fusteriaperevidal.cat\/","name":"Fusteria Pere Vidal","description":"","potentialAction":[{"@type":"SearchAction","target":{"@type":"EntryPoint","urlTemplate":"https:\/\/fusteriaperevidal.cat\/?s={search_term_string}"},"query-input":{"@type":"PropertyValueSpecification","valueRequired":true,"valueName":"search_term_string"}}],"inLanguage":"fr-FR"}]}},"_links":{"self":[{"href":"https:\/\/fusteriaperevidal.cat\/fr\/wp-json\/wp\/v2\/pages\/606","targetHints":{"allow":["GET"]}}],"collection":[{"href":"https:\/\/fusteriaperevidal.cat\/fr\/wp-json\/wp\/v2\/pages"}],"about":[{"href":"https:\/\/fusteriaperevidal.cat\/fr\/wp-json\/wp\/v2\/types\/page"}],"author":[{"embeddable":true,"href":"https:\/\/fusteriaperevidal.cat\/fr\/wp-json\/wp\/v2\/users\/1"}],"replies":[{"embeddable":true,"href":"https:\/\/fusteriaperevidal.cat\/fr\/wp-json\/wp\/v2\/comments?post=606"}],"version-history":[{"count":3,"href":"https:\/\/fusteriaperevidal.cat\/fr\/wp-json\/wp\/v2\/pages\/606\/revisions"}],"predecessor-version":[{"id":721,"href":"https:\/\/fusteriaperevidal.cat\/fr\/wp-json\/wp\/v2\/pages\/606\/revisions\/721"}],"wp:attachment":[{"href":"https:\/\/fusteriaperevidal.cat\/fr\/wp-json\/wp\/v2\/media?parent=606"}],"curies":[{"name":"wp","href":"https:\/\/api.w.org\/{rel}","templated":true}]}}