{"id":608,"date":"2018-01-23T14:10:25","date_gmt":"2018-01-23T14:10:25","guid":{"rendered":"https:\/\/fusteriaperevidal.cat?page_id=608"},"modified":"2024-12-24T08:52:53","modified_gmt":"2024-12-24T08:52:53","slug":"contactez","status":"publish","type":"page","link":"https:\/\/fusteriaperevidal.cat\/fr\/contactez\/","title":{"rendered":"Contactez"},"content":{"rendered":"<p>[vc_row css_animation=\u00a0\u00bb\u00a0\u00bb row_type=\u00a0\u00bbrow\u00a0\u00bb use_row_as_full_screen_section=\u00a0\u00bbno\u00a0\u00bb type=\u00a0\u00bbfull_width\u00a0\u00bb angled_section=\u00a0\u00bbno\u00a0\u00bb text_align=\u00a0\u00bbleft\u00a0\u00bb background_image_as_pattern=\u00a0\u00bbwithout_pattern\u00a0\u00bb el_class=\u00a0\u00bbrow-with-separator\u00a0\u00bb z_index=\u00a0\u00bb\u00a0\u00bb][vc_column css=\u00a0\u00bb.vc_custom_1516724424449{margin-top: 0px !important;margin-right: 0px !important;margin-bottom: 0px !important;margin-left: 0px !important;padding-right: 0px !important;padding-left: 0px !important;}\u00a0\u00bb][qode_elements_holder number_of_columns=\u00a0\u00bbtwo_columns\u00a0\u00bb][qode_elements_holder_item item_padding=\u00a0\u00bb14% 16%\u00a0\u00bb vertical_alignment=\u00a0\u00bbmiddle\u00a0\u00bb advanced_animations=\u00a0\u00bbno\u00a0\u00bb item_padding_1280_1440=\u00a0\u00bb5% 13%\u00a0\u00bb item_padding_1024_1280=\u00a0\u00bb5% 13%\u00a0\u00bb item_padding_768_1024=\u00a0\u00bb6% 10%\u00a0\u00bb item_padding_600_768=\u00a0\u00bb15% 9%\u00a0\u00bb item_padding_480_600=\u00a0\u00bb17% 15%\u00a0\u00bb item_padding_480=\u00a0\u00bb17% 15%\u00a0\u00bb][vc_column_text]<\/p>\n<h1>Demander des informations<\/h1>\n<p>[\/vc_column_text][vc_empty_space height=\u00a0\u00bb20px\u00a0\u00bb][vc_column_text]Contactez-nous via ce formulaire \u00a0pour demander des informations ou un devis[\/vc_column_text][vc_empty_space height=\u00a0\u00bb65px\u00a0\u00bb][vc_row_inner row_type=\u00a0\u00bbrow\u00a0\u00bb type=\u00a0\u00bbfull_width\u00a0\u00bb text_align=\u00a0\u00bbleft\u00a0\u00bb css_animation=\u00a0\u00bb\u00a0\u00bb][vc_column_inner offset=\u00a0\u00bbvc_col-lg-6&Prime;]<div class='q_icon_with_title tiny normal_icon '><div class=\"icon_holder \" style=\" \"><span data-icon-type=\"normal\"   style=\"font-size: 20px;\" class=\"qode_iwt_icon_holder q_font_awsome_icon fa-lg  \"><i class=\"qode_icon_font_awesome fa fa-envelope-o qode_iwt_icon_element\" style=\"color: #770400;\" ><\/i><\/span><\/div><div class=\"icon_text_holder\" style=\"\"><div class=\"icon_text_inner\" style=\"\"><h4 class=\"icon_title\" style=\"color: #807d79;\"><\/h4><p style=''>info@fusteriaperevidal.cat<\/p><\/div><\/div><\/div>[vc_empty_space height=\u00a0\u00bb20px\u00a0\u00bb]<div class='q_icon_with_title tiny normal_icon '><div class=\"icon_holder \" style=\" \"><span data-icon-type=\"normal\"   style=\"font-size: 20px;\" class=\"qode_iwt_icon_holder q_font_awsome_icon fa-lg  \"><span aria-hidden=\"true\" class=\"qode_icon_font_elegant icon_pin_alt qode_iwt_icon_element\" style=\"color: #770400;\" ><\/span><\/span><\/div><div class=\"icon_text_holder\" style=\"\"><div class=\"icon_text_inner\" style=\"\"><h5 class=\"icon_title\" style=\"\"><\/h5><p style=''>Carretera de Santa Eugenia, Nave 1, 25720 Bellver de Cerdanya <\/p><\/div><\/div><\/div>[\/vc_column_inner][vc_column_inner offset=\u00a0\u00bbvc_col-lg-6&Prime;]<div class='q_icon_with_title tiny normal_icon '><div class=\"icon_holder \" style=\" \"><span data-icon-type=\"normal\"   style=\"font-size: 20px;\" class=\"qode_iwt_icon_holder q_font_awsome_icon fa-lg  \"><i class=\"qode_icon_font_awesome fa fa-phone qode_iwt_icon_element\" style=\"color: #770400;\" ><\/i><\/span><\/div><div class=\"icon_text_holder\" style=\"\"><div class=\"icon_text_inner\" style=\"\"><h5 class=\"icon_title\" style=\"\"><\/h5><p style=''>+34 973 293 375<\/p><\/div><\/div><\/div>[vc_empty_space height=\u00a0\u00bb20px\u00a0\u00bb]<div class='q_icon_with_title tiny normal_icon '><div class=\"icon_holder \" style=\" \"><span data-icon-type=\"normal\"   style=\"font-size: 20px;\" class=\"qode_iwt_icon_holder q_font_awsome_icon fa-lg  \"><span aria-hidden=\"true\" class=\"qode_icon_font_elegant icon_mobile qode_iwt_icon_element\" style=\"color: #770400;\" ><\/span><\/span><\/div><div class=\"icon_text_holder\" style=\"\"><div class=\"icon_text_inner\" style=\"\"><h5 class=\"icon_title\" style=\"\"><\/h5><p style=''>+34 647 963 591<\/p><\/div><\/div><\/div>[\/vc_column_inner][\/vc_row_inner][\/qode_elements_holder_item][qode_elements_holder_item vertical_alignment=\u00a0\u00bbmiddle\u00a0\u00bb advanced_animations=\u00a0\u00bbno\u00a0\u00bb][vc_column_text]<iframe loading=\"lazy\" style=\"border: 0;\" src=\"https:\/\/www.google.com\/maps\/embed?pb=!1m18!1m12!1m3!1d2947.7749611287154!2d1.7590043154565616!3d42.36863497918631!2m3!1f0!2f0!3f0!3m2!1i1024!2i768!4f13.1!3m3!1m2!1s0x12a59ca5a6143c53%3A0x76dbbb3727cf0c88!2sFusteria+Pere+Vidal!5e0!3m2!1ses!2ses!4v1521646184854\" width=\"100%\" height=\"950px\" frameborder=\"0\" allowfullscreen=\"allowfullscreen\"><\/iframe>[\/vc_column_text][\/qode_elements_holder_item][\/qode_elements_holder][\/vc_column][\/vc_row]<\/p>\n","protected":false},"excerpt":{"rendered":"<p>[vc_row css_animation=\u00a0\u00bb\u00a0\u00bb row_type=\u00a0\u00bbrow\u00a0\u00bb use_row_as_full_screen_section=\u00a0\u00bbno\u00a0\u00bb type=\u00a0\u00bbfull_width\u00a0\u00bb angled_section=\u00a0\u00bbno\u00a0\u00bb text_align=\u00a0\u00bbleft\u00a0\u00bb background_image_as_pattern=\u00a0\u00bbwithout_pattern\u00a0\u00bb el_class=\u00a0\u00bbrow-with-separator\u00a0\u00bb z_index=\u00a0\u00bb\u00a0\u00bb][vc_column css=\u00a0\u00bb.vc_custom_1516724424449{margin-top: 0px !important;margin-right: 0px !important;margin-bottom: 0px !important;margin-left: 0px !important;padding-right: 0px !important;padding-left: 0px !important;}\u00a0\u00bb][qode_elements_holder number_of_columns=\u00a0\u00bbtwo_columns\u00a0\u00bb][qode_elements_holder_item item_padding=\u00a0\u00bb14% 16%\u00a0\u00bb vertical_alignment=\u00a0\u00bbmiddle\u00a0\u00bb advanced_animations=\u00a0\u00bbno\u00a0\u00bb item_padding_1280_1440=\u00a0\u00bb5% 13%\u00a0\u00bb item_padding_1024_1280=\u00a0\u00bb5% 13%\u00a0\u00bb item_padding_768_1024=\u00a0\u00bb6% 10%\u00a0\u00bb item_padding_600_768=\u00a0\u00bb15% 9%\u00a0\u00bb item_padding_480_600=\u00a0\u00bb17% 15%\u00a0\u00bb item_padding_480=\u00a0\u00bb17% 15%\u00a0\u00bb][vc_column_text] Demander des informations [\/vc_column_text][vc_empty_space height=\u00a0\u00bb20px\u00a0\u00bb][vc_column_text]Contactez-nous&#8230;<\/p>\n","protected":false},"author":1,"featured_media":0,"parent":0,"menu_order":0,"comment_status":"closed","ping_status":"open","template":"full_width.php","meta":{"_monsterinsights_skip_tracking":false,"_monsterinsights_sitenote_active":false,"_monsterinsights_sitenote_note":"","_monsterinsights_sitenote_category":0,"footnotes":""},"class_list":["post-608","page","type-page","status-publish","hentry"],"yoast_head":"<!-- This site is optimized with the Yoast SEO plugin v26.0 - https:\/\/yoast.com\/wordpress\/plugins\/seo\/ -->\n<title>Contactez Fusteria Pere Vidal \u00e0 La Cerdagne. Meubles en bois.<\/title>\n<meta name=\"description\" content=\"Contactez-nous par mail, t\u00e9l\u00e9phone +34 973 293 375 ou WhatsApp +34 647 963 591. Fusteria Pere Vidal. Mobles de fouet sur mesure.\" \/>\n<meta name=\"robots\" content=\"index, follow, max-snippet:-1, max-image-preview:large, max-video-preview:-1\" \/>\n<link rel=\"canonical\" href=\"https:\/\/fusteriaperevidal.cat\/fr\/contactez\/\" \/>\n<meta property=\"og:locale\" content=\"fr_FR\" \/>\n<meta property=\"og:type\" content=\"article\" \/>\n<meta property=\"og:title\" content=\"Contactez Fusteria Pere Vidal \u00e0 La Cerdagne. Meubles en bois.\" \/>\n<meta property=\"og:description\" content=\"Contactez-nous par mail, t\u00e9l\u00e9phone +34 973 293 375 ou WhatsApp +34 647 963 591. Fusteria Pere Vidal. Mobles de fouet sur mesure.\" \/>\n<meta property=\"og:url\" content=\"https:\/\/fusteriaperevidal.cat\/fr\/contactez\/\" \/>\n<meta property=\"og:site_name\" content=\"Fusteria Pere Vidal\" \/>\n<meta property=\"article:modified_time\" content=\"2024-12-24T08:52:53+00:00\" \/>\n<meta name=\"twitter:card\" content=\"summary_large_image\" \/>\n<meta name=\"twitter:label1\" content=\"Dur\u00e9e de lecture estim\u00e9e\" \/>\n\t<meta name=\"twitter:data1\" content=\"1 minute\" \/>\n<script type=\"application\/ld+json\" class=\"yoast-schema-graph\">{\"@context\":\"https:\/\/schema.org\",\"@graph\":[{\"@type\":\"WebPage\",\"@id\":\"https:\/\/fusteriaperevidal.cat\/fr\/contactez\/\",\"url\":\"https:\/\/fusteriaperevidal.cat\/fr\/contactez\/\",\"name\":\"Contactez Fusteria Pere Vidal \u00e0 La Cerdagne. Meubles en bois.\",\"isPartOf\":{\"@id\":\"https:\/\/fusteriaperevidal.cat\/#website\"},\"datePublished\":\"2018-01-23T14:10:25+00:00\",\"dateModified\":\"2024-12-24T08:52:53+00:00\",\"description\":\"Contactez-nous par mail, t\u00e9l\u00e9phone +34 973 293 375 ou WhatsApp +34 647 963 591. Fusteria Pere Vidal. Mobles de fouet sur mesure.\",\"breadcrumb\":{\"@id\":\"https:\/\/fusteriaperevidal.cat\/fr\/contactez\/#breadcrumb\"},\"inLanguage\":\"fr-FR\",\"potentialAction\":[{\"@type\":\"ReadAction\",\"target\":[\"https:\/\/fusteriaperevidal.cat\/fr\/contactez\/\"]}]},{\"@type\":\"BreadcrumbList\",\"@id\":\"https:\/\/fusteriaperevidal.cat\/fr\/contactez\/#breadcrumb\",\"itemListElement\":[{\"@type\":\"ListItem\",\"position\":1,\"name\":\"Inici\",\"item\":\"https:\/\/fusteriaperevidal.cat\/fr\/\"},{\"@type\":\"ListItem\",\"position\":2,\"name\":\"Contactez\"}]},{\"@type\":\"WebSite\",\"@id\":\"https:\/\/fusteriaperevidal.cat\/#website\",\"url\":\"https:\/\/fusteriaperevidal.cat\/\",\"name\":\"Fusteria Pere Vidal\",\"description\":\"\",\"potentialAction\":[{\"@type\":\"SearchAction\",\"target\":{\"@type\":\"EntryPoint\",\"urlTemplate\":\"https:\/\/fusteriaperevidal.cat\/?s={search_term_string}\"},\"query-input\":{\"@type\":\"PropertyValueSpecification\",\"valueRequired\":true,\"valueName\":\"search_term_string\"}}],\"inLanguage\":\"fr-FR\"}]}<\/script>\n<!-- \/ Yoast SEO plugin. -->","yoast_head_json":{"title":"Contactez Fusteria Pere Vidal \u00e0 La Cerdagne. Meubles en bois.","description":"Contactez-nous par mail, t\u00e9l\u00e9phone +34 973 293 375 ou WhatsApp +34 647 963 591. Fusteria Pere Vidal. Mobles de fouet sur mesure.","robots":{"index":"index","follow":"follow","max-snippet":"max-snippet:-1","max-image-preview":"max-image-preview:large","max-video-preview":"max-video-preview:-1"},"canonical":"https:\/\/fusteriaperevidal.cat\/fr\/contactez\/","og_locale":"fr_FR","og_type":"article","og_title":"Contactez Fusteria Pere Vidal \u00e0 La Cerdagne. Meubles en bois.","og_description":"Contactez-nous par mail, t\u00e9l\u00e9phone +34 973 293 375 ou WhatsApp +34 647 963 591. Fusteria Pere Vidal. Mobles de fouet sur mesure.","og_url":"https:\/\/fusteriaperevidal.cat\/fr\/contactez\/","og_site_name":"Fusteria Pere Vidal","article_modified_time":"2024-12-24T08:52:53+00:00","twitter_card":"summary_large_image","twitter_misc":{"Dur\u00e9e de lecture estim\u00e9e":"1 minute"},"schema":{"@context":"https:\/\/schema.org","@graph":[{"@type":"WebPage","@id":"https:\/\/fusteriaperevidal.cat\/fr\/contactez\/","url":"https:\/\/fusteriaperevidal.cat\/fr\/contactez\/","name":"Contactez Fusteria Pere Vidal \u00e0 La Cerdagne. Meubles en bois.","isPartOf":{"@id":"https:\/\/fusteriaperevidal.cat\/#website"},"datePublished":"2018-01-23T14:10:25+00:00","dateModified":"2024-12-24T08:52:53+00:00","description":"Contactez-nous par mail, t\u00e9l\u00e9phone +34 973 293 375 ou WhatsApp +34 647 963 591. Fusteria Pere Vidal. Mobles de fouet sur mesure.","breadcrumb":{"@id":"https:\/\/fusteriaperevidal.cat\/fr\/contactez\/#breadcrumb"},"inLanguage":"fr-FR","potentialAction":[{"@type":"ReadAction","target":["https:\/\/fusteriaperevidal.cat\/fr\/contactez\/"]}]},{"@type":"BreadcrumbList","@id":"https:\/\/fusteriaperevidal.cat\/fr\/contactez\/#breadcrumb","itemListElement":[{"@type":"ListItem","position":1,"name":"Inici","item":"https:\/\/fusteriaperevidal.cat\/fr\/"},{"@type":"ListItem","position":2,"name":"Contactez"}]},{"@type":"WebSite","@id":"https:\/\/fusteriaperevidal.cat\/#website","url":"https:\/\/fusteriaperevidal.cat\/","name":"Fusteria Pere Vidal","description":"","potentialAction":[{"@type":"SearchAction","target":{"@type":"EntryPoint","urlTemplate":"https:\/\/fusteriaperevidal.cat\/?s={search_term_string}"},"query-input":{"@type":"PropertyValueSpecification","valueRequired":true,"valueName":"search_term_string"}}],"inLanguage":"fr-FR"}]}},"_links":{"self":[{"href":"https:\/\/fusteriaperevidal.cat\/fr\/wp-json\/wp\/v2\/pages\/608","targetHints":{"allow":["GET"]}}],"collection":[{"href":"https:\/\/fusteriaperevidal.cat\/fr\/wp-json\/wp\/v2\/pages"}],"about":[{"href":"https:\/\/fusteriaperevidal.cat\/fr\/wp-json\/wp\/v2\/types\/page"}],"author":[{"embeddable":true,"href":"https:\/\/fusteriaperevidal.cat\/fr\/wp-json\/wp\/v2\/users\/1"}],"replies":[{"embeddable":true,"href":"https:\/\/fusteriaperevidal.cat\/fr\/wp-json\/wp\/v2\/comments?post=608"}],"version-history":[{"count":4,"href":"https:\/\/fusteriaperevidal.cat\/fr\/wp-json\/wp\/v2\/pages\/608\/revisions"}],"predecessor-version":[{"id":1447,"href":"https:\/\/fusteriaperevidal.cat\/fr\/wp-json\/wp\/v2\/pages\/608\/revisions\/1447"}],"wp:attachment":[{"href":"https:\/\/fusteriaperevidal.cat\/fr\/wp-json\/wp\/v2\/media?parent=608"}],"curies":[{"name":"wp","href":"https:\/\/api.w.org\/{rel}","templated":true}]}}