{"id":610,"date":"2018-03-21T14:42:43","date_gmt":"2018-03-21T14:42:43","guid":{"rendered":"https:\/\/fusteriaperevidal.cat?page_id=610"},"modified":"2020-07-21T10:22:16","modified_gmt":"2020-07-21T10:22:16","slug":"blog","status":"publish","type":"page","link":"https:\/\/fusteriaperevidal.cat\/fr\/blog\/","title":{"rendered":"Blog"},"content":{"rendered":"","protected":false},"excerpt":{"rendered":"","protected":false},"author":1,"featured_media":0,"parent":0,"menu_order":0,"comment_status":"closed","ping_status":"open","template":"blog-large-image.php","meta":{"_monsterinsights_skip_tracking":false,"_monsterinsights_sitenote_active":false,"_monsterinsights_sitenote_note":"","_monsterinsights_sitenote_category":0,"footnotes":""},"class_list":["post-610","page","type-page","status-publish","hentry"],"yoast_head":"<!-- This site is optimized with the Yoast SEO plugin v26.0 - https:\/\/yoast.com\/wordpress\/plugins\/seo\/ -->\n<title>Blog de doutes et d&#039;id\u00e9es pour d\u00e9corer vos espaces avec plaisir.<\/title>\n<meta name=\"description\" content=\"Des id\u00e9es et des innovations pour d\u00e9corer votre quotidien, avec des meubles en bois sur mesure. Fusteria Pere Vidal. Meubles de la Cerdagne.\" \/>\n<meta name=\"robots\" content=\"index, follow, max-snippet:-1, max-image-preview:large, max-video-preview:-1\" \/>\n<link rel=\"canonical\" href=\"https:\/\/fusteriaperevidal.cat\/fr\/blog\/\" \/>\n<meta property=\"og:locale\" content=\"fr_FR\" \/>\n<meta property=\"og:type\" content=\"article\" \/>\n<meta property=\"og:title\" content=\"Blog de doutes et d&#039;id\u00e9es pour d\u00e9corer vos espaces avec plaisir.\" \/>\n<meta property=\"og:description\" content=\"Des id\u00e9es et des innovations pour d\u00e9corer votre quotidien, avec des meubles en bois sur mesure. Fusteria Pere Vidal. Meubles de la Cerdagne.\" \/>\n<meta property=\"og:url\" content=\"https:\/\/fusteriaperevidal.cat\/fr\/blog\/\" \/>\n<meta property=\"og:site_name\" content=\"Fusteria Pere Vidal\" \/>\n<meta property=\"article:modified_time\" content=\"2020-07-21T10:22:16+00:00\" \/>\n<meta name=\"twitter:card\" content=\"summary_large_image\" \/>\n<script type=\"application\/ld+json\" class=\"yoast-schema-graph\">{\"@context\":\"https:\/\/schema.org\",\"@graph\":[{\"@type\":\"WebPage\",\"@id\":\"https:\/\/fusteriaperevidal.cat\/fr\/blog\/\",\"url\":\"https:\/\/fusteriaperevidal.cat\/fr\/blog\/\",\"name\":\"Blog de doutes et d'id\u00e9es pour d\u00e9corer vos espaces avec plaisir.\",\"isPartOf\":{\"@id\":\"https:\/\/fusteriaperevidal.cat\/#website\"},\"datePublished\":\"2018-03-21T14:42:43+00:00\",\"dateModified\":\"2020-07-21T10:22:16+00:00\",\"description\":\"Des id\u00e9es et des innovations pour d\u00e9corer votre quotidien, avec des meubles en bois sur mesure. Fusteria Pere Vidal. Meubles de la Cerdagne.\",\"breadcrumb\":{\"@id\":\"https:\/\/fusteriaperevidal.cat\/fr\/blog\/#breadcrumb\"},\"inLanguage\":\"fr-FR\",\"potentialAction\":[{\"@type\":\"ReadAction\",\"target\":[\"https:\/\/fusteriaperevidal.cat\/fr\/blog\/\"]}]},{\"@type\":\"BreadcrumbList\",\"@id\":\"https:\/\/fusteriaperevidal.cat\/fr\/blog\/#breadcrumb\",\"itemListElement\":[{\"@type\":\"ListItem\",\"position\":1,\"name\":\"Inici\",\"item\":\"https:\/\/fusteriaperevidal.cat\/fr\/\"},{\"@type\":\"ListItem\",\"position\":2,\"name\":\"Blog\"}]},{\"@type\":\"WebSite\",\"@id\":\"https:\/\/fusteriaperevidal.cat\/#website\",\"url\":\"https:\/\/fusteriaperevidal.cat\/\",\"name\":\"Fusteria Pere Vidal\",\"description\":\"\",\"potentialAction\":[{\"@type\":\"SearchAction\",\"target\":{\"@type\":\"EntryPoint\",\"urlTemplate\":\"https:\/\/fusteriaperevidal.cat\/?s={search_term_string}\"},\"query-input\":{\"@type\":\"PropertyValueSpecification\",\"valueRequired\":true,\"valueName\":\"search_term_string\"}}],\"inLanguage\":\"fr-FR\"}]}<\/script>\n<!-- \/ Yoast SEO plugin. -->","yoast_head_json":{"title":"Blog de doutes et d'id\u00e9es pour d\u00e9corer vos espaces avec plaisir.","description":"Des id\u00e9es et des innovations pour d\u00e9corer votre quotidien, avec des meubles en bois sur mesure. Fusteria Pere Vidal. Meubles de la Cerdagne.","robots":{"index":"index","follow":"follow","max-snippet":"max-snippet:-1","max-image-preview":"max-image-preview:large","max-video-preview":"max-video-preview:-1"},"canonical":"https:\/\/fusteriaperevidal.cat\/fr\/blog\/","og_locale":"fr_FR","og_type":"article","og_title":"Blog de doutes et d'id\u00e9es pour d\u00e9corer vos espaces avec plaisir.","og_description":"Des id\u00e9es et des innovations pour d\u00e9corer votre quotidien, avec des meubles en bois sur mesure. Fusteria Pere Vidal. Meubles de la Cerdagne.","og_url":"https:\/\/fusteriaperevidal.cat\/fr\/blog\/","og_site_name":"Fusteria Pere Vidal","article_modified_time":"2020-07-21T10:22:16+00:00","twitter_card":"summary_large_image","schema":{"@context":"https:\/\/schema.org","@graph":[{"@type":"WebPage","@id":"https:\/\/fusteriaperevidal.cat\/fr\/blog\/","url":"https:\/\/fusteriaperevidal.cat\/fr\/blog\/","name":"Blog de doutes et d'id\u00e9es pour d\u00e9corer vos espaces avec plaisir.","isPartOf":{"@id":"https:\/\/fusteriaperevidal.cat\/#website"},"datePublished":"2018-03-21T14:42:43+00:00","dateModified":"2020-07-21T10:22:16+00:00","description":"Des id\u00e9es et des innovations pour d\u00e9corer votre quotidien, avec des meubles en bois sur mesure. Fusteria Pere Vidal. Meubles de la Cerdagne.","breadcrumb":{"@id":"https:\/\/fusteriaperevidal.cat\/fr\/blog\/#breadcrumb"},"inLanguage":"fr-FR","potentialAction":[{"@type":"ReadAction","target":["https:\/\/fusteriaperevidal.cat\/fr\/blog\/"]}]},{"@type":"BreadcrumbList","@id":"https:\/\/fusteriaperevidal.cat\/fr\/blog\/#breadcrumb","itemListElement":[{"@type":"ListItem","position":1,"name":"Inici","item":"https:\/\/fusteriaperevidal.cat\/fr\/"},{"@type":"ListItem","position":2,"name":"Blog"}]},{"@type":"WebSite","@id":"https:\/\/fusteriaperevidal.cat\/#website","url":"https:\/\/fusteriaperevidal.cat\/","name":"Fusteria Pere Vidal","description":"","potentialAction":[{"@type":"SearchAction","target":{"@type":"EntryPoint","urlTemplate":"https:\/\/fusteriaperevidal.cat\/?s={search_term_string}"},"query-input":{"@type":"PropertyValueSpecification","valueRequired":true,"valueName":"search_term_string"}}],"inLanguage":"fr-FR"}]}},"_links":{"self":[{"href":"https:\/\/fusteriaperevidal.cat\/fr\/wp-json\/wp\/v2\/pages\/610","targetHints":{"allow":["GET"]}}],"collection":[{"href":"https:\/\/fusteriaperevidal.cat\/fr\/wp-json\/wp\/v2\/pages"}],"about":[{"href":"https:\/\/fusteriaperevidal.cat\/fr\/wp-json\/wp\/v2\/types\/page"}],"author":[{"embeddable":true,"href":"https:\/\/fusteriaperevidal.cat\/fr\/wp-json\/wp\/v2\/users\/1"}],"replies":[{"embeddable":true,"href":"https:\/\/fusteriaperevidal.cat\/fr\/wp-json\/wp\/v2\/comments?post=610"}],"version-history":[{"count":1,"href":"https:\/\/fusteriaperevidal.cat\/fr\/wp-json\/wp\/v2\/pages\/610\/revisions"}],"predecessor-version":[{"id":802,"href":"https:\/\/fusteriaperevidal.cat\/fr\/wp-json\/wp\/v2\/pages\/610\/revisions\/802"}],"wp:attachment":[{"href":"https:\/\/fusteriaperevidal.cat\/fr\/wp-json\/wp\/v2\/media?parent=610"}],"curies":[{"name":"wp","href":"https:\/\/api.w.org\/{rel}","templated":true}]}}